{"id":7868,"date":"2024-10-19T21:57:12","date_gmt":"2024-10-20T00:57:12","guid":{"rendered":"https:\/\/milancontabilidade.com.br\/?page_id=7868"},"modified":"2024-10-19T22:14:22","modified_gmt":"2024-10-20T01:14:22","slug":"nossos-valores","status":"publish","type":"page","link":"https:\/\/milancontabilidade.com.br\/index.php\/nossos-valores\/","title":{"rendered":"Nossos Valores"},"content":{"rendered":"\t\t<div data-elementor-type=\"wp-page\" data-elementor-id=\"7868\" class=\"elementor elementor-7868\">\n\t\t\t\t\t\t<section class=\"elementor-section elementor-top-section elementor-element elementor-element-83fcbb8 elementor-section-boxed elementor-section-height-default elementor-section-height-default\" data-id=\"83fcbb8\" data-element_type=\"section\">\n\t\t\t\t\t\t<div class=\"elementor-container elementor-column-gap-default\">\n\t\t\t\t\t<div class=\"elementor-column elementor-col-100 elementor-top-column elementor-element elementor-element-795dba8\" data-id=\"795dba8\" data-element_type=\"column\">\n\t\t\t<div class=\"elementor-widget-wrap elementor-element-populated\">\n\t\t\t\t\t\t<div class=\"elementor-element elementor-element-27c98cf elementor-widget elementor-widget-heading\" data-id=\"27c98cf\" data-element_type=\"widget\" data-widget_type=\"heading.default\">\n\t\t\t\t<div class=\"elementor-widget-container\">\n\t\t\t\t\t<h2 class=\"elementor-heading-title elementor-size-default\">\u00c9tica e Transpar\u00eancia<\/h2>\t\t\t\t<\/div>\n\t\t\t\t<\/div>\n\t\t\t\t<div class=\"elementor-element elementor-element-7e54176 elementor-widget__width-initial elementor-widget elementor-widget-text-editor\" data-id=\"7e54176\" data-element_type=\"widget\" data-widget_type=\"text-editor.default\">\n\t\t\t\t<div class=\"elementor-widget-container\">\n\t\t\t\t\t\t\t\t\t<p style=\"font-size: 20px; color: #0a0a0a; letter-spacing: 2px;\"><span style=\"background-color: var(--background-color); font-family: var(--fontFamily); font-style: var(--fontStyle,inherit); font-weight: var(--fontWeight,normal); text-transform: var(--textTransform);\">Atuamos de forma \u00edntegra e transparente, priorizando sempre a verdade e a confian\u00e7a em nossas rela\u00e7\u00f5es com clientes, colaboradores e parceiros.<\/span><\/p>\n<p style=\"font-size: 20px; color: #0a0a0a; letter-spacing: 2px;\">\n<\/p>\t\t\t\t\t\t\t\t<\/div>\n\t\t\t\t<\/div>\n\t\t\t\t<div class=\"elementor-element elementor-element-cee738e elementor-widget elementor-widget-heading\" data-id=\"cee738e\" data-element_type=\"widget\" data-widget_type=\"heading.default\">\n\t\t\t\t<div class=\"elementor-widget-container\">\n\t\t\t\t\t<h2 class=\"elementor-heading-title elementor-size-default\">Compromisso com Qualidade<\/h2>\t\t\t\t<\/div>\n\t\t\t\t<\/div>\n\t\t\t\t<div class=\"elementor-element elementor-element-3b4bd34 elementor-widget__width-initial elementor-widget elementor-widget-text-editor\" data-id=\"3b4bd34\" data-element_type=\"widget\" data-widget_type=\"text-editor.default\">\n\t\t\t\t<div class=\"elementor-widget-container\">\n\t\t\t\t\t\t\t\t\t<p style=\"font-size: 20px; color: #0a0a0a; letter-spacing: 2px;\"><span style=\"background-color: var(--background-color); font-family: var(--fontFamily); font-style: var(--fontStyle,inherit); font-weight: var(--fontWeight,normal); text-transform: var(--textTransform);\">Garantimos a excel\u00eancia em nossos servi\u00e7os, buscando sempre a precis\u00e3o e a efici\u00eancia em todos os processos cont\u00e1beis e fiscais.<\/span><\/p>\t\t\t\t\t\t\t\t<\/div>\n\t\t\t\t<\/div>\n\t\t\t\t<div class=\"elementor-element elementor-element-d11a469 elementor-widget elementor-widget-heading\" data-id=\"d11a469\" data-element_type=\"widget\" data-widget_type=\"heading.default\">\n\t\t\t\t<div class=\"elementor-widget-container\">\n\t\t\t\t\t<h2 class=\"elementor-heading-title elementor-size-default\">Responsabilidade e Confiabilidade<\/h2>\t\t\t\t<\/div>\n\t\t\t\t<\/div>\n\t\t\t\t<div class=\"elementor-element elementor-element-533dffa elementor-widget__width-initial elementor-widget elementor-widget-text-editor\" data-id=\"533dffa\" data-element_type=\"widget\" data-widget_type=\"text-editor.default\">\n\t\t\t\t<div class=\"elementor-widget-container\">\n\t\t\t\t\t\t\t\t\t<p style=\"font-size: 20px; color: #0a0a0a; letter-spacing: 2px;\"><span style=\"background-color: var(--background-color); font-family: var(--fontFamily); font-style: var(--fontStyle,inherit); font-weight: var(--fontWeight,normal); text-transform: var(--textTransform);\">Assumimos total responsabilidade pelas nossas a\u00e7\u00f5es e decis\u00f5es, proporcionando aos nossos clientes seguran\u00e7a e confian\u00e7a no cumprimento de suas obriga\u00e7\u00f5es legais.<\/span><\/p>\t\t\t\t\t\t\t\t<\/div>\n\t\t\t\t<\/div>\n\t\t\t\t<div class=\"elementor-element elementor-element-7df2674 elementor-widget elementor-widget-heading\" data-id=\"7df2674\" data-element_type=\"widget\" data-widget_type=\"heading.default\">\n\t\t\t\t<div class=\"elementor-widget-container\">\n\t\t\t\t\t<h2 class=\"elementor-heading-title elementor-size-default\">Inova\u00e7\u00e3o e Atualiza\u00e7\u00e3o Cont\u00ednua<\/h2>\t\t\t\t<\/div>\n\t\t\t\t<\/div>\n\t\t\t\t<div class=\"elementor-element elementor-element-ae180b0 elementor-widget__width-initial elementor-widget elementor-widget-text-editor\" data-id=\"ae180b0\" data-element_type=\"widget\" data-widget_type=\"text-editor.default\">\n\t\t\t\t<div class=\"elementor-widget-container\">\n\t\t\t\t\t\t\t\t\t<p style=\"font-size: 20px; color: #0a0a0a; letter-spacing: 2px;\"><span style=\"background-color: var(--background-color); font-family: var(--fontFamily); font-style: var(--fontStyle,inherit); font-weight: var(--fontWeight,normal); text-transform: var(--textTransform);\">Estamos sempre em busca de novas tecnologias e m\u00e9todos que possam aprimorar nossos servi\u00e7os, acompanhando as mudan\u00e7as no mercado e na legisla\u00e7\u00e3o para oferecer solu\u00e7\u00f5es modernas e eficientes.<\/span><\/p>\t\t\t\t\t\t\t\t<\/div>\n\t\t\t\t<\/div>\n\t\t\t\t<div class=\"elementor-element elementor-element-15d8ba3 elementor-widget elementor-widget-heading\" data-id=\"15d8ba3\" data-element_type=\"widget\" data-widget_type=\"heading.default\">\n\t\t\t\t<div class=\"elementor-widget-container\">\n\t\t\t\t\t<h2 class=\"elementor-heading-title elementor-size-default\">Valoriza\u00e7\u00e3o do Cliente<\/h2>\t\t\t\t<\/div>\n\t\t\t\t<\/div>\n\t\t\t\t<div class=\"elementor-element elementor-element-c868716 elementor-widget__width-initial elementor-widget elementor-widget-text-editor\" data-id=\"c868716\" data-element_type=\"widget\" data-widget_type=\"text-editor.default\">\n\t\t\t\t<div class=\"elementor-widget-container\">\n\t\t\t\t\t\t\t\t\t<p style=\"font-size: 20px; color: #0a0a0a; letter-spacing: 2px;\"><span style=\"background-color: var(--background-color); font-family: var(--fontFamily); font-style: var(--fontStyle,inherit); font-weight: var(--fontWeight,normal); text-transform: var(--textTransform);\">O sucesso de nossos clientes \u00e9 o nosso sucesso. Priorizamos o atendimento personalizado, entendendo as necessidades espec\u00edficas de cada neg\u00f3cio e entregando solu\u00e7\u00f5es que gerem valor.<\/span><\/p>\t\t\t\t\t\t\t\t<\/div>\n\t\t\t\t<\/div>\n\t\t\t\t<div class=\"elementor-element elementor-element-9c17710 elementor-widget elementor-widget-heading\" data-id=\"9c17710\" data-element_type=\"widget\" data-widget_type=\"heading.default\">\n\t\t\t\t<div class=\"elementor-widget-container\">\n\t\t\t\t\t<h2 class=\"elementor-heading-title elementor-size-default\">Excel\u00eancia no Atendimento<\/h2>\t\t\t\t<\/div>\n\t\t\t\t<\/div>\n\t\t\t\t<div class=\"elementor-element elementor-element-90eb1fa elementor-widget__width-initial elementor-widget elementor-widget-text-editor\" data-id=\"90eb1fa\" data-element_type=\"widget\" data-widget_type=\"text-editor.default\">\n\t\t\t\t<div class=\"elementor-widget-container\">\n\t\t\t\t\t\t\t\t\t<p style=\"font-size: 20px; color: #0a0a0a; letter-spacing: 2px;\"><span style=\"background-color: var(--background-color); font-family: var(--fontFamily); font-style: var(--fontStyle,inherit); font-weight: var(--fontWeight,normal); text-transform: var(--textTransform);\">Nossos profissionais est\u00e3o sempre dispon\u00edveis para fornecer um suporte \u00e1gil, competente e orientado \u00e0 solu\u00e7\u00e3o dos problemas dos nossos clientes.<\/span><\/p>\t\t\t\t\t\t\t\t<\/div>\n\t\t\t\t<\/div>\n\t\t\t\t<div class=\"elementor-element elementor-element-e95091b elementor-widget elementor-widget-heading\" data-id=\"e95091b\" data-element_type=\"widget\" data-widget_type=\"heading.default\">\n\t\t\t\t<div class=\"elementor-widget-container\">\n\t\t\t\t\t<h2 class=\"elementor-heading-title elementor-size-default\">Respeito as Pessoas<\/h2>\t\t\t\t<\/div>\n\t\t\t\t<\/div>\n\t\t\t\t<div class=\"elementor-element elementor-element-19edd29 elementor-widget__width-initial elementor-widget elementor-widget-text-editor\" data-id=\"19edd29\" data-element_type=\"widget\" data-widget_type=\"text-editor.default\">\n\t\t\t\t<div class=\"elementor-widget-container\">\n\t\t\t\t\t\t\t\t\t<p style=\"font-size: 20px; color: #0a0a0a; letter-spacing: 2px;\"><span style=\"background-color: var(--background-color); font-family: var(--fontFamily); font-style: var(--fontStyle,inherit); font-weight: var(--fontWeight,normal); text-transform: var(--textTransform);\">Valorizamos a diversidade e o respeito no ambiente de trabalho, promovendo uma cultura de colabora\u00e7\u00e3o e desenvolvimento cont\u00ednuo entre nossos colaboradores.<\/span><\/p>\t\t\t\t\t\t\t\t<\/div>\n\t\t\t\t<\/div>\n\t\t\t\t<div class=\"elementor-element elementor-element-48767fd elementor-widget elementor-widget-heading\" data-id=\"48767fd\" data-element_type=\"widget\" data-widget_type=\"heading.default\">\n\t\t\t\t<div class=\"elementor-widget-container\">\n\t\t\t\t\t<h2 class=\"elementor-heading-title elementor-size-default\">Sustentabilidade<\/h2>\t\t\t\t<\/div>\n\t\t\t\t<\/div>\n\t\t\t\t<div class=\"elementor-element elementor-element-5388059 elementor-widget__width-initial elementor-widget elementor-widget-text-editor\" data-id=\"5388059\" data-element_type=\"widget\" data-widget_type=\"text-editor.default\">\n\t\t\t\t<div class=\"elementor-widget-container\">\n\t\t\t\t\t\t\t\t\t<p style=\"font-size: 20px; color: #0a0a0a; letter-spacing: 2px;\"><span style=\"background-color: var(--background-color); font-family: var(--fontFamily); font-style: var(--fontStyle,inherit); font-weight: var(--fontWeight,normal); text-transform: var(--textTransform);\">Buscamos pr\u00e1ticas que promovam a sustentabilidade, tanto no uso de recursos quanto nas nossas rela\u00e7\u00f5es profissionais, contribuindo para o desenvolvimento econ\u00f4mico e social.<\/span><\/p>\t\t\t\t\t\t\t\t<\/div>\n\t\t\t\t<\/div>\n\t\t\t\t\t<\/div>\n\t\t<\/div>\n\t\t\t\t\t<\/div>\n\t\t<\/section>\n\t\t\t\t<section class=\"elementor-section elementor-top-section elementor-element elementor-element-fd86da3 elementor-section-boxed elementor-section-height-default elementor-section-height-default\" data-id=\"fd86da3\" data-element_type=\"section\">\n\t\t\t\t\t\t<div class=\"elementor-container elementor-column-gap-default\">\n\t\t\t\t\t<div class=\"elementor-column elementor-col-100 elementor-top-column elementor-element elementor-element-c23e174\" data-id=\"c23e174\" data-element_type=\"column\">\n\t\t\t<div class=\"elementor-widget-wrap elementor-element-populated\">\n\t\t\t\t\t\t<div class=\"elementor-element elementor-element-c934acc elementor-widget elementor-widget-image\" data-id=\"c934acc\" data-element_type=\"widget\" data-widget_type=\"image.default\">\n\t\t\t\t<div class=\"elementor-widget-container\">\n\t\t\t\t\t\t\t\t\t\t\t\t\t\t\t<img fetchpriority=\"high\" decoding=\"async\" width=\"750\" height=\"810\" src=\"https:\/\/milancontabilidade.com.br\/wp-content\/uploads\/2024\/10\/business-values-round-colored-linear-vector-23724287-948x1024.jpg\" class=\"attachment-large size-large wp-image-7870\" alt=\"\" srcset=\"https:\/\/milancontabilidade.com.br\/wp-content\/uploads\/2024\/10\/business-values-round-colored-linear-vector-23724287-948x1024.jpg 948w, https:\/\/milancontabilidade.com.br\/wp-content\/uploads\/2024\/10\/business-values-round-colored-linear-vector-23724287-278x300.jpg 278w, https:\/\/milancontabilidade.com.br\/wp-content\/uploads\/2024\/10\/business-values-round-colored-linear-vector-23724287-768x829.jpg 768w, https:\/\/milancontabilidade.com.br\/wp-content\/uploads\/2024\/10\/business-values-round-colored-linear-vector-23724287.jpg 1000w\" sizes=\"(max-width: 750px) 100vw, 750px\" \/>\t\t\t\t\t\t\t\t\t\t\t\t\t\t\t<\/div>\n\t\t\t\t<\/div>\n\t\t\t\t\t<\/div>\n\t\t<\/div>\n\t\t\t\t\t<\/div>\n\t\t<\/section>\n\t\t\t\t<\/div>\n\t\t","protected":false},"excerpt":{"rendered":"<p>\u00c9tica e Transpar\u00eancia Atuamos de forma \u00edntegra e transparente, priorizando sempre a verdade e a confian\u00e7a em nossas rela\u00e7\u00f5es com clientes, colaboradores e parceiros. Compromisso com Qualidade Garantimos a excel\u00eancia [&hellip;]<\/p>\n","protected":false},"author":1,"featured_media":0,"parent":0,"menu_order":0,"comment_status":"closed","ping_status":"closed","template":"","meta":{"om_disable_all_campaigns":false,"_monsterinsights_skip_tracking":false,"_monsterinsights_sitenote_active":false,"_monsterinsights_sitenote_note":"","_monsterinsights_sitenote_category":0,"_joinchat":[],"footnotes":""},"class_list":["post-7868","page","type-page","status-publish","hentry","rishi-post","no-post-thumbnail"],"rishi__cb_customizer_meta":"","aioseo_notices":[],"_links":{"self":[{"href":"https:\/\/milancontabilidade.com.br\/index.php\/wp-json\/wp\/v2\/pages\/7868","targetHints":{"allow":["GET"]}}],"collection":[{"href":"https:\/\/milancontabilidade.com.br\/index.php\/wp-json\/wp\/v2\/pages"}],"about":[{"href":"https:\/\/milancontabilidade.com.br\/index.php\/wp-json\/wp\/v2\/types\/page"}],"author":[{"embeddable":true,"href":"https:\/\/milancontabilidade.com.br\/index.php\/wp-json\/wp\/v2\/users\/1"}],"replies":[{"embeddable":true,"href":"https:\/\/milancontabilidade.com.br\/index.php\/wp-json\/wp\/v2\/comments?post=7868"}],"version-history":[{"count":10,"href":"https:\/\/milancontabilidade.com.br\/index.php\/wp-json\/wp\/v2\/pages\/7868\/revisions"}],"predecessor-version":[{"id":7894,"href":"https:\/\/milancontabilidade.com.br\/index.php\/wp-json\/wp\/v2\/pages\/7868\/revisions\/7894"}],"wp:attachment":[{"href":"https:\/\/milancontabilidade.com.br\/index.php\/wp-json\/wp\/v2\/media?parent=7868"}],"curies":[{"name":"wp","href":"https:\/\/api.w.org\/{rel}","templated":true}]}}