{"id":7853,"date":"2024-10-19T21:52:24","date_gmt":"2024-10-20T00:52:24","guid":{"rendered":"https:\/\/milancontabilidade.com.br\/?page_id=7853"},"modified":"2024-10-19T22:03:07","modified_gmt":"2024-10-20T01:03:07","slug":"nossa-missao","status":"publish","type":"page","link":"https:\/\/milancontabilidade.com.br\/index.php\/nossa-missao\/","title":{"rendered":"Nossa Miss\u00e3o"},"content":{"rendered":"\t\t<div data-elementor-type=\"wp-page\" data-elementor-id=\"7853\" class=\"elementor elementor-7853\">\n\t\t\t\t\t\t<section class=\"elementor-section elementor-top-section elementor-element elementor-element-2097fb7 elementor-section-boxed elementor-section-height-default elementor-section-height-default\" data-id=\"2097fb7\" data-element_type=\"section\">\n\t\t\t\t\t\t<div class=\"elementor-container elementor-column-gap-default\">\n\t\t\t\t\t<div class=\"elementor-column elementor-col-100 elementor-top-column elementor-element elementor-element-8dae96a\" data-id=\"8dae96a\" data-element_type=\"column\">\n\t\t\t<div class=\"elementor-widget-wrap elementor-element-populated\">\n\t\t\t\t\t\t<div class=\"elementor-element elementor-element-46c9043 elementor-widget elementor-widget-text-editor\" data-id=\"46c9043\" data-element_type=\"widget\" data-widget_type=\"text-editor.default\">\n\t\t\t\t<div class=\"elementor-widget-container\">\n\t\t\t\t\t\t\t\t\t<p>Nossa miss\u00e3o \u00e9 simplificar a gest\u00e3o cont\u00e1bil e fiscal das empresas, ajudando nossos clientes a focarem no que realmente importa: o crescimento e sucesso do seu neg\u00f3cio.<\/p>\t\t\t\t\t\t\t\t<\/div>\n\t\t\t\t<\/div>\n\t\t\t\t<div class=\"elementor-element elementor-element-c242398 elementor-widget elementor-widget-image\" data-id=\"c242398\" data-element_type=\"widget\" data-widget_type=\"image.default\">\n\t\t\t\t<div class=\"elementor-widget-container\">\n\t\t\t\t\t\t\t\t\t\t\t\t\t\t\t<img fetchpriority=\"high\" decoding=\"async\" width=\"750\" height=\"500\" src=\"https:\/\/milancontabilidade.com.br\/wp-content\/uploads\/2024\/10\/missao-de-uma-empresa-1024x683.jpg\" class=\"attachment-large size-large wp-image-7857\" alt=\"\" srcset=\"https:\/\/milancontabilidade.com.br\/wp-content\/uploads\/2024\/10\/missao-de-uma-empresa-1024x683.jpg 1024w, https:\/\/milancontabilidade.com.br\/wp-content\/uploads\/2024\/10\/missao-de-uma-empresa-300x200.jpg 300w, https:\/\/milancontabilidade.com.br\/wp-content\/uploads\/2024\/10\/missao-de-uma-empresa-768x512.jpg 768w, https:\/\/milancontabilidade.com.br\/wp-content\/uploads\/2024\/10\/missao-de-uma-empresa-370x247.jpg 370w, https:\/\/milancontabilidade.com.br\/wp-content\/uploads\/2024\/10\/missao-de-uma-empresa-270x180.jpg 270w, https:\/\/milancontabilidade.com.br\/wp-content\/uploads\/2024\/10\/missao-de-uma-empresa-360x240.jpg 360w, https:\/\/milancontabilidade.com.br\/wp-content\/uploads\/2024\/10\/missao-de-uma-empresa.jpg 1500w\" sizes=\"(max-width: 750px) 100vw, 750px\" \/>\t\t\t\t\t\t\t\t\t\t\t\t\t\t\t<\/div>\n\t\t\t\t<\/div>\n\t\t\t\t\t<\/div>\n\t\t<\/div>\n\t\t\t\t\t<\/div>\n\t\t<\/section>\n\t\t\t\t<section class=\"elementor-section elementor-top-section elementor-element elementor-element-3ed72f7 elementor-section-boxed elementor-section-height-default elementor-section-height-default\" data-id=\"3ed72f7\" data-element_type=\"section\">\n\t\t\t\t\t\t<div class=\"elementor-container elementor-column-gap-default\">\n\t\t\t\t\t<div class=\"elementor-column elementor-col-100 elementor-top-column elementor-element elementor-element-29ee497\" data-id=\"29ee497\" data-element_type=\"column\">\n\t\t\t<div class=\"elementor-widget-wrap\">\n\t\t\t\t\t\t\t<\/div>\n\t\t<\/div>\n\t\t\t\t\t<\/div>\n\t\t<\/section>\n\t\t\t\t<\/div>\n\t\t","protected":false},"excerpt":{"rendered":"<p>Nossa miss\u00e3o \u00e9 simplificar a gest\u00e3o cont\u00e1bil e fiscal das empresas, ajudando nossos clientes a focarem no que realmente importa: o crescimento e sucesso do seu neg\u00f3cio.<\/p>\n","protected":false},"author":1,"featured_media":0,"parent":0,"menu_order":0,"comment_status":"closed","ping_status":"closed","template":"","meta":{"om_disable_all_campaigns":false,"_monsterinsights_skip_tracking":false,"_monsterinsights_sitenote_active":false,"_monsterinsights_sitenote_note":"","_monsterinsights_sitenote_category":0,"_joinchat":[],"footnotes":""},"class_list":["post-7853","page","type-page","status-publish","hentry","rishi-post","no-post-thumbnail"],"rishi__cb_customizer_meta":"","aioseo_notices":[],"_links":{"self":[{"href":"https:\/\/milancontabilidade.com.br\/index.php\/wp-json\/wp\/v2\/pages\/7853","targetHints":{"allow":["GET"]}}],"collection":[{"href":"https:\/\/milancontabilidade.com.br\/index.php\/wp-json\/wp\/v2\/pages"}],"about":[{"href":"https:\/\/milancontabilidade.com.br\/index.php\/wp-json\/wp\/v2\/types\/page"}],"author":[{"embeddable":true,"href":"https:\/\/milancontabilidade.com.br\/index.php\/wp-json\/wp\/v2\/users\/1"}],"replies":[{"embeddable":true,"href":"https:\/\/milancontabilidade.com.br\/index.php\/wp-json\/wp\/v2\/comments?post=7853"}],"version-history":[{"count":7,"href":"https:\/\/milancontabilidade.com.br\/index.php\/wp-json\/wp\/v2\/pages\/7853\/revisions"}],"predecessor-version":[{"id":7882,"href":"https:\/\/milancontabilidade.com.br\/index.php\/wp-json\/wp\/v2\/pages\/7853\/revisions\/7882"}],"wp:attachment":[{"href":"https:\/\/milancontabilidade.com.br\/index.php\/wp-json\/wp\/v2\/media?parent=7853"}],"curies":[{"name":"wp","href":"https:\/\/api.w.org\/{rel}","templated":true}]}}