{"id":7847,"date":"2024-10-19T21:41:16","date_gmt":"2024-10-20T00:41:16","guid":{"rendered":"https:\/\/milancontabilidade.com.br\/?page_id=7847"},"modified":"2025-12-28T16:22:06","modified_gmt":"2025-12-28T19:22:06","slug":"sobre-nos","status":"publish","type":"page","link":"https:\/\/milancontabilidade.com.br\/index.php\/sobre-nos\/","title":{"rendered":"Sobre N\u00f3s"},"content":{"rendered":"\t\t<div data-elementor-type=\"wp-page\" data-elementor-id=\"7847\" class=\"elementor elementor-7847\">\n\t\t\t\t\t\t<section class=\"elementor-section elementor-top-section elementor-element elementor-element-3a12635 elementor-section-full_width elementor-section-height-default elementor-section-height-default\" data-id=\"3a12635\" data-element_type=\"section\">\n\t\t\t\t\t\t<div class=\"elementor-container elementor-column-gap-default\">\n\t\t\t\t\t<div class=\"elementor-column elementor-col-100 elementor-top-column elementor-element elementor-element-6460290\" data-id=\"6460290\" data-element_type=\"column\">\n\t\t\t<div class=\"elementor-widget-wrap elementor-element-populated\">\n\t\t\t\t\t\t<div class=\"elementor-element elementor-element-2030fb4 elementor-widget elementor-widget-image\" data-id=\"2030fb4\" data-element_type=\"widget\" data-widget_type=\"image.default\">\n\t\t\t\t<div class=\"elementor-widget-container\">\n\t\t\t\t\t\t\t\t\t\t\t\t\t\t\t<img fetchpriority=\"high\" decoding=\"async\" width=\"683\" height=\"1024\" src=\"https:\/\/milancontabilidade.com.br\/wp-content\/uploads\/2025\/02\/WhatsApp-Image-2025-02-02-at-16.21.11-683x1024.jpeg\" class=\"attachment-large size-large wp-image-7947\" alt=\"\" srcset=\"https:\/\/milancontabilidade.com.br\/wp-content\/uploads\/2025\/02\/WhatsApp-Image-2025-02-02-at-16.21.11-683x1024.jpeg 683w, https:\/\/milancontabilidade.com.br\/wp-content\/uploads\/2025\/02\/WhatsApp-Image-2025-02-02-at-16.21.11-200x300.jpeg 200w, https:\/\/milancontabilidade.com.br\/wp-content\/uploads\/2025\/02\/WhatsApp-Image-2025-02-02-at-16.21.11-768x1152.jpeg 768w, https:\/\/milancontabilidade.com.br\/wp-content\/uploads\/2025\/02\/WhatsApp-Image-2025-02-02-at-16.21.11-1024x1536.jpeg 1024w, https:\/\/milancontabilidade.com.br\/wp-content\/uploads\/2025\/02\/WhatsApp-Image-2025-02-02-at-16.21.11-1365x2048.jpeg 1365w, https:\/\/milancontabilidade.com.br\/wp-content\/uploads\/2025\/02\/WhatsApp-Image-2025-02-02-at-16.21.11-scaled.jpeg 1707w\" sizes=\"(max-width: 683px) 100vw, 683px\" \/>\t\t\t\t\t\t\t\t\t\t\t\t\t\t\t<\/div>\n\t\t\t\t<\/div>\n\t\t\t\t<div class=\"elementor-element elementor-element-0220d79 elementor-widget elementor-widget-text-editor\" data-id=\"0220d79\" data-element_type=\"widget\" data-widget_type=\"text-editor.default\">\n\t\t\t\t<div class=\"elementor-widget-container\">\n\t\t\t\t\t\t\t\t\t<section class=\"elementor-section elementor-top-section elementor-element elementor-element-8263c85 elementor-section-full_width elementor-section-height-default elementor-section-height-default\" data-id=\"8263c85\" data-element_type=\"section\"><div class=\"elementor-container elementor-column-gap-default\"><div class=\"elementor-column elementor-col-100 elementor-top-column elementor-element elementor-element-a82c87e\" data-id=\"a82c87e\" data-element_type=\"column\"><div class=\"elementor-widget-wrap elementor-element-populated\"><div class=\"elementor-element elementor-element-8630644 elementor-widget elementor-widget-text-editor\" data-id=\"8630644\" data-element_type=\"widget\" data-widget_type=\"text-editor.default\"><div class=\"elementor-widget-container\"><p><span style=\"color: inherit; font-size: 1em; background-color: var(--background-color); font-family: var(--fontFamily); font-style: var(--fontStyle,inherit); font-weight: var(--fontWeight,normal); letter-spacing: var(--letterSpacing); text-transform: var(--textTransform);\">Sou o Sergio Ferreira CEO da Milan Contabilidade, com forma\u00e7\u00e3o em Contabilidade e especializa\u00e7\u00e3o em Planejamento Tribut\u00e1rio Empresarial, atuo no segmento cont\u00e1bil a mais de uma d\u00e9cada atendendo clientes e entregando solu\u00e7\u00f5es cont\u00e1beis que facilitam a gest\u00e3o do empres\u00e1rio no seu dia-dia.<\/span><\/p><p><span style=\"color: inherit; font-size: 1em; background-color: var(--background-color); font-family: var(--fontFamily); font-style: var(--fontStyle,inherit); font-weight: var(--fontWeight,normal); letter-spacing: var(--letterSpacing); text-transform: var(--textTransform);\">Bem-vindo a Milan Contabilidade Digital, onde transformamos a complexidade da gest\u00e3o cont\u00e1bil em solu\u00e7\u00f5es estrat\u00e9gicas e personalizadas para o seu neg\u00f3cio.<\/span><\/p><\/div><\/div><div class=\"elementor-element elementor-element-bd3a59b elementor-widget elementor-widget-text-editor\" data-id=\"bd3a59b\" data-element_type=\"widget\" data-widget_type=\"text-editor.default\"><div class=\"elementor-widget-container\"><p>Somos um escrit\u00f3rio cont\u00e1bil com profissionais especializados, com uma metodologia de trabalho inovadora, proporcionamos servi\u00e7os de qualidade e pontualidade, com foco em agregar valor \u00e0s empresas e auxiliar no seu crescimento sustent\u00e1vel.<\/p><p>Oferecemos solu\u00e7\u00f5es cont\u00e1beis de qualidade, que contribuam para o desenvolvimento econ\u00f4mico e sustent\u00e1vel dos nossos parceiros, somos o parceiro ideal, para que voc\u00ea concentre seus esfor\u00e7os exclusivamente no seu neg\u00f3cio.<\/p><\/div><\/div><div class=\"elementor-element elementor-element-925a8ae elementor-widget elementor-widget-text-editor\" data-id=\"925a8ae\" data-element_type=\"widget\" data-widget_type=\"text-editor.default\"><div class=\"elementor-widget-container\"><p>POR QUE ESCOLHER A MILAN CONTABILIDADE?<\/p><\/div><\/div><\/div><\/div><\/div><\/section><section class=\"elementor-section elementor-top-section elementor-element elementor-element-c29c60a elementor-section-full_width elementor-section-height-default elementor-section-height-default\" data-id=\"c29c60a\" data-element_type=\"section\"><div class=\"elementor-container elementor-column-gap-default\"><div class=\"elementor-column elementor-col-100 elementor-top-column elementor-element elementor-element-b4c30f0\" data-id=\"b4c30f0\" data-element_type=\"column\"><div class=\"elementor-widget-wrap elementor-element-populated\"><div class=\"elementor-element elementor-element-eea8613 elementor-widget elementor-widget-text-editor\" data-id=\"eea8613\" data-element_type=\"widget\" data-widget_type=\"text-editor.default\"><div class=\"elementor-widget-container\"><p>Atendimento Personalizado:<br \/>Sabemos que cada cliente \u00e9 \u00fanico, por isso, oferecemos solu\u00e7\u00f5es customizadas que atendam \u00e0s suas necessidades espec\u00edficas.<\/p><p>Atualiza\u00e7\u00e3o Constante:<br \/>Estamos sempre atentos \u00e0s mudan\u00e7as na legisla\u00e7\u00e3o e buscamos solu\u00e7\u00f5es inovadoras para maximizar os resultados de nossos clientes.<\/p><p>Transpar\u00eancia e Confiabilidade:<br \/>Nosso trabalho \u00e9 baseado em \u00e9tica e transpar\u00eancia, garantindo que voc\u00ea tenha acesso a informa\u00e7\u00f5es claras e confi\u00e1veis sobre a sua empresa.<\/p><p>Efici\u00eancia e Tecnologia:<br \/>Utilizamos ferramentas cont\u00e1beis de \u00faltima gera\u00e7\u00e3o para otimizar processos e garantir que suas informa\u00e7\u00f5es estejam sempre seguras e acess\u00edveis.<\/p><\/div><\/div><\/div><\/div><\/div><\/section>\t\t\t\t\t\t\t\t<\/div>\n\t\t\t\t<\/div>\n\t\t\t\t<div class=\"elementor-element elementor-element-4c8c696 elementor-widget elementor-widget-image\" data-id=\"4c8c696\" data-element_type=\"widget\" data-widget_type=\"image.default\">\n\t\t\t\t<div class=\"elementor-widget-container\">\n\t\t\t\t\t\t\t\t\t\t\t\t\t\t\t<img decoding=\"async\" width=\"750\" height=\"448\" data-src=\"https:\/\/milancontabilidade.com.br\/wp-content\/uploads\/2024\/10\/missao-1024x611-1.jpg\" class=\"attachment-large size-large wp-image-7856 lazyload\" alt=\"\" data-srcset=\"https:\/\/milancontabilidade.com.br\/wp-content\/uploads\/2024\/10\/missao-1024x611-1.jpg 1024w, https:\/\/milancontabilidade.com.br\/wp-content\/uploads\/2024\/10\/missao-1024x611-1-300x179.jpg 300w, https:\/\/milancontabilidade.com.br\/wp-content\/uploads\/2024\/10\/missao-1024x611-1-768x458.jpg 768w\" data-sizes=\"(max-width: 750px) 100vw, 750px\" src=\"data:image\/svg+xml;base64,PHN2ZyB3aWR0aD0iMSIgaGVpZ2h0PSIxIiB4bWxucz0iaHR0cDovL3d3dy53My5vcmcvMjAwMC9zdmciPjwvc3ZnPg==\" style=\"--smush-placeholder-width: 750px; --smush-placeholder-aspect-ratio: 750\/448;\" \/>\t\t\t\t\t\t\t\t\t\t\t\t\t\t\t<\/div>\n\t\t\t\t<\/div>\n\t\t\t\t<div class=\"elementor-element elementor-element-65e1ddb elementor-widget elementor-widget-text-editor\" data-id=\"65e1ddb\" data-element_type=\"widget\" data-widget_type=\"text-editor.default\">\n\t\t\t\t<div class=\"elementor-widget-container\">\n\t\t\t\t\t\t\t\t\t<section data-id=\"8263c85\" data-element_type=\"section\">\n<div data-id=\"a82c87e\" data-element_type=\"column\">\n<div data-id=\"8630644\" data-element_type=\"widget\" data-widget_type=\"text-editor.default\">\n<div>\n<h2 style=\"margin-bottom: 0px; --fontweight: 700; --fontsize: 40px; --lineheight: 1.5; --letterspacing: 0em; color: #0e0e0e; font-size: 32px; font-style: normal; letter-spacing: normal; text-transform: none; text-decoration-thickness: initial; text-decoration-style: initial; text-decoration-color: initial; text-align: center;\" data-elementor-setting-key=\"title\" data-pen-placeholder=\"Digite aqui...\"><br><\/h2>\n<\/div>\n<\/div>\n<div data-id=\"bd3a59b\" data-element_type=\"widget\" data-widget_type=\"text-editor.default\"><p><span style=\"font-size: 32px; text-align: center; background-color: var(--background-color); font-family: var(--fontFamily); font-style: var(--fontStyle,inherit); font-weight: var(--fontWeight,normal); letter-spacing: var(--letterSpacing); text-transform: var(--textTransform);\">Nossa Miss\u00e3o<\/span><\/p><p>Nossa miss\u00e3o \u00e9 simplificar a gest\u00e3o cont\u00e1bil e fiscal das empresas, ajudando nossos clientes a focarem no que realmente importa: o crescimento e sucesso do seu neg\u00f3cio.<\/p>\n<p><span style=\"font-family: var(--fontFamily); font-size: 32px; font-weight: var(--fontWeight); text-align: center; background-color: var(--background-color);\">Nossa Vis\u00e3o<\/span><\/p>\n<p>&#8220;Ser refer\u00eancia nacional em solu\u00e7\u00f5es cont\u00e1beis e fiscais, reconhecido pela inova\u00e7\u00e3o, excel\u00eancia no atendimento e pela contribui\u00e7\u00e3o efetiva no sucesso e crescimento sustent\u00e1vel dos nossos clientes, agregando valor atrav\u00e9s de pr\u00e1ticas cont\u00e1beis modernas, tecnol\u00f3gicas e \u00e9ticas.&#8221;<\/p>\n<p><span style=\"font-family: var(--fontFamily); font-size: 32px; font-weight: var(--fontWeight); text-align: center; white-space-collapse: preserve; background-color: var(--background-color);\">Nossos Valores<\/span><\/p>\n<p>\u00c9tica e Transpar\u00eancia &gt;&nbsp;Atuamos de forma \u00edntegra e transparente, priorizando sempre a verdade e a confian\u00e7a em nossas rela\u00e7\u00f5es com clientes, colaboradores e parceiros.<\/p>\n<p>Compromisso com a Qualidade &gt; Garantimos a excel\u00eancia em nossos servi\u00e7os, buscando sempre a precis\u00e3o e a efici\u00eancia em todos os processos cont\u00e1beis e fiscais.<\/p>\n<p>Responsabilidade e Confiabilidade &gt; Assumimos total responsabilidade pelas nossas a\u00e7\u00f5es e decis\u00f5es, proporcionando aos nossos clientes seguran\u00e7a e confian\u00e7a no cumprimento de suas obriga\u00e7\u00f5es legais.<\/p>\n<p>Inova\u00e7\u00e3o e Atualiza\u00e7\u00e3o Cont\u00ednua &gt; Estamos sempre em busca de novas tecnologias e m\u00e9todos que possam aprimorar nossos servi\u00e7os, acompanhando as mudan\u00e7as no mercado e na legisla\u00e7\u00e3o para oferecer solu\u00e7\u00f5es modernas e eficientes.<\/p>\n<p>Valoriza\u00e7\u00e3o do Cliente &gt; O sucesso de nossos clientes \u00e9 o nosso sucesso. Priorizamos o atendimento personalizado, entendendo as necessidades espec\u00edficas de cada neg\u00f3cio e entregando solu\u00e7\u00f5es que gerem valor.<\/p>\n<p>Excel\u00eancia no Atendimento &gt; Nossos profissionais est\u00e3o sempre dispon\u00edveis para fornecer um suporte \u00e1gil, competente e orientado \u00e0 solu\u00e7\u00e3o dos problemas dos nossos clientes.<\/p>\n<p>Respeito \u00e0s Pessoas &gt; Valorizamos a diversidade e o respeito no ambiente de trabalho, promovendo uma cultura de colabora\u00e7\u00e3o e desenvolvimento cont\u00ednuo entre nossos colaboradores.<\/p>\n<p>Sustentabilidade &gt; Buscamos pr\u00e1ticas que promovam a sustentabilidade, tanto no uso de recursos quanto nas nossas rela\u00e7\u00f5es profissionais, contribuindo para o desenvolvimento econ\u00f4mico e social.<\/p>\n<\/div>\n<\/div>\n<\/section>\t\t\t\t\t\t\t\t<\/div>\n\t\t\t\t<\/div>\n\t\t\t\t\t<\/div>\n\t\t<\/div>\n\t\t\t\t\t<\/div>\n\t\t<\/section>\n\t\t\t\t<section class=\"elementor-section elementor-top-section elementor-element elementor-element-a50bc81 elementor-section-boxed elementor-section-height-default elementor-section-height-default\" data-id=\"a50bc81\" data-element_type=\"section\">\n\t\t\t\t\t\t<div class=\"elementor-container elementor-column-gap-default\">\n\t\t\t\t\t<div class=\"elementor-column elementor-col-100 elementor-top-column elementor-element elementor-element-d3e5e23\" data-id=\"d3e5e23\" data-element_type=\"column\">\n\t\t\t<div class=\"elementor-widget-wrap elementor-element-populated\">\n\t\t\t\t\t\t<div class=\"elementor-element elementor-element-758c85c elementor-widget elementor-widget-image\" data-id=\"758c85c\" data-element_type=\"widget\" data-widget_type=\"image.default\">\n\t\t\t\t<div class=\"elementor-widget-container\">\n\t\t\t\t\t\t\t\t\t\t\t\t\t\t\t<img decoding=\"async\" width=\"694\" height=\"693\" data-src=\"https:\/\/milancontabilidade.com.br\/wp-content\/uploads\/2025\/12\/paulista-corporate-2-1.jpg\" class=\"attachment-large size-large wp-image-8528 lazyload\" alt=\"\" data-srcset=\"https:\/\/milancontabilidade.com.br\/wp-content\/uploads\/2025\/12\/paulista-corporate-2-1.jpg 694w, https:\/\/milancontabilidade.com.br\/wp-content\/uploads\/2025\/12\/paulista-corporate-2-1-300x300.jpg 300w, https:\/\/milancontabilidade.com.br\/wp-content\/uploads\/2025\/12\/paulista-corporate-2-1-150x150.jpg 150w, https:\/\/milancontabilidade.com.br\/wp-content\/uploads\/2025\/12\/paulista-corporate-2-1-355x355.jpg 355w, https:\/\/milancontabilidade.com.br\/wp-content\/uploads\/2025\/12\/paulista-corporate-2-1-370x370.jpg 370w, https:\/\/milancontabilidade.com.br\/wp-content\/uploads\/2025\/12\/paulista-corporate-2-1-170x170.jpg 170w\" data-sizes=\"(max-width: 694px) 100vw, 694px\" src=\"data:image\/svg+xml;base64,PHN2ZyB3aWR0aD0iMSIgaGVpZ2h0PSIxIiB4bWxucz0iaHR0cDovL3d3dy53My5vcmcvMjAwMC9zdmciPjwvc3ZnPg==\" style=\"--smush-placeholder-width: 694px; --smush-placeholder-aspect-ratio: 694\/693;\" \/>\t\t\t\t\t\t\t\t\t\t\t\t\t\t\t<\/div>\n\t\t\t\t<\/div>\n\t\t\t\t\t<\/div>\n\t\t<\/div>\n\t\t\t\t\t<\/div>\n\t\t<\/section>\n\t\t\t\t<\/div>\n\t\t","protected":false},"excerpt":{"rendered":"<p>Sou o Sergio Ferreira CEO da Milan Contabilidade, com forma\u00e7\u00e3o em Contabilidade e especializa\u00e7\u00e3o em Planejamento Tribut\u00e1rio Empresarial, atuo no segmento cont\u00e1bil a mais de uma d\u00e9cada atendendo clientes e [&hellip;]<\/p>\n","protected":false},"author":1,"featured_media":0,"parent":0,"menu_order":0,"comment_status":"closed","ping_status":"closed","template":"","meta":{"om_disable_all_campaigns":false,"_monsterinsights_skip_tracking":false,"_monsterinsights_sitenote_active":false,"_monsterinsights_sitenote_note":"","_monsterinsights_sitenote_category":0,"_joinchat":[],"footnotes":""},"class_list":["post-7847","page","type-page","status-publish","hentry","rishi-post","no-post-thumbnail"],"rishi__cb_customizer_meta":"","aioseo_notices":[],"_links":{"self":[{"href":"https:\/\/milancontabilidade.com.br\/index.php\/wp-json\/wp\/v2\/pages\/7847","targetHints":{"allow":["GET"]}}],"collection":[{"href":"https:\/\/milancontabilidade.com.br\/index.php\/wp-json\/wp\/v2\/pages"}],"about":[{"href":"https:\/\/milancontabilidade.com.br\/index.php\/wp-json\/wp\/v2\/types\/page"}],"author":[{"embeddable":true,"href":"https:\/\/milancontabilidade.com.br\/index.php\/wp-json\/wp\/v2\/users\/1"}],"replies":[{"embeddable":true,"href":"https:\/\/milancontabilidade.com.br\/index.php\/wp-json\/wp\/v2\/comments?post=7847"}],"version-history":[{"count":46,"href":"https:\/\/milancontabilidade.com.br\/index.php\/wp-json\/wp\/v2\/pages\/7847\/revisions"}],"predecessor-version":[{"id":8597,"href":"https:\/\/milancontabilidade.com.br\/index.php\/wp-json\/wp\/v2\/pages\/7847\/revisions\/8597"}],"wp:attachment":[{"href":"https:\/\/milancontabilidade.com.br\/index.php\/wp-json\/wp\/v2\/media?parent=7847"}],"curies":[{"name":"wp","href":"https:\/\/api.w.org\/{rel}","templated":true}]}}