{"id":7006,"date":"2022-10-05T18:37:16","date_gmt":"2022-10-05T21:37:16","guid":{"rendered":"https:\/\/milancontabilidade.com.br\/?page_id=7006"},"modified":"2024-11-25T21:19:44","modified_gmt":"2024-11-26T00:19:44","slug":"trocar-de-contabilidade","status":"publish","type":"page","link":"https:\/\/milancontabilidade.com.br\/index.php\/trocar-de-contabilidade\/","title":{"rendered":"Trocar de Contabilidade"},"content":{"rendered":"\t\t<div data-elementor-type=\"wp-page\" data-elementor-id=\"7006\" class=\"elementor elementor-7006\">\n\t\t\t\t\t\t<section class=\"elementor-section elementor-top-section elementor-element elementor-element-73f7f64 elementor-section-boxed elementor-section-height-default elementor-section-height-default\" data-id=\"73f7f64\" data-element_type=\"section\">\n\t\t\t\t\t\t<div class=\"elementor-container elementor-column-gap-default\">\n\t\t\t\t\t<div class=\"elementor-column elementor-col-100 elementor-top-column elementor-element elementor-element-a9a41e4\" data-id=\"a9a41e4\" data-element_type=\"column\">\n\t\t\t<div class=\"elementor-widget-wrap elementor-element-populated\">\n\t\t\t\t\t\t<div class=\"elementor-element elementor-element-d672757 eael-wpforms-labels-yes eael-wpforms-form-button-custom elementor-widget elementor-widget-eael-wpforms\" data-id=\"d672757\" data-element_type=\"widget\" data-widget_type=\"eael-wpforms.default\">\n\t\t\t\t<div class=\"elementor-widget-container\">\n\t\t\t\t\t            <div class=\"eael-contact-form eael-wpforms eael-wpforms-align-default\">\n                                <div class=\"wpforms-container wpforms-container-full\" id=\"wpforms-7003\"><form id=\"wpforms-form-7003\" class=\"wpforms-validate wpforms-form wpforms-ajax-form\" data-formid=\"7003\" method=\"post\" enctype=\"multipart\/form-data\" action=\"\/index.php\/wp-json\/wp\/v2\/pages\/7006\" data-token=\"eb57688873b93763f1a750a820cbb21b\" data-token-time=\"1775529918\"><div class=\"wpforms-head-container\"><div class=\"wpforms-title\">Trocar de Contabilidade<\/div><\/div><noscript class=\"wpforms-error-noscript\">Please enable JavaScript in your browser to complete this form.<\/noscript><div class=\"wpforms-field-container\"><div id=\"wpforms-7003-field_3-container\" class=\"wpforms-field wpforms-field-name\" data-field-id=\"3\"><label class=\"wpforms-field-label\" for=\"wpforms-7003-field_3\">Nome <span class=\"wpforms-required-label\">*<\/span><\/label><input type=\"text\" id=\"wpforms-7003-field_3\" class=\"wpforms-field-medium wpforms-field-required\" name=\"wpforms[fields][3]\" required><\/div><div id=\"wpforms-7003-field_4-container\" class=\"wpforms-field wpforms-field-text\" data-field-id=\"4\"><label class=\"wpforms-field-label\" for=\"wpforms-7003-field_4\">Whatsapp <span class=\"wpforms-required-label\">*<\/span><\/label><input type=\"text\" id=\"wpforms-7003-field_4\" class=\"wpforms-field-medium wpforms-field-required\" name=\"wpforms[fields][4]\" required><\/div><div id=\"wpforms-7003-field_5-container\" class=\"wpforms-field wpforms-field-email\" data-field-id=\"5\"><label class=\"wpforms-field-label\" for=\"wpforms-7003-field_5\">E-mail<\/label><input type=\"email\" id=\"wpforms-7003-field_5\" class=\"wpforms-field-medium\" name=\"wpforms[fields][5]\" spellcheck=\"false\" ><\/div><div id=\"wpforms-7003-field_6-container\" class=\"wpforms-field wpforms-field-text\" data-field-id=\"6\"><label class=\"wpforms-field-label\" for=\"wpforms-7003-field_6\">CNPJ <span class=\"wpforms-required-label\">*<\/span><\/label><input type=\"text\" id=\"wpforms-7003-field_6\" class=\"wpforms-field-medium wpforms-field-required\" name=\"wpforms[fields][6]\" required><\/div><div id=\"wpforms-7003-field_15-container\" class=\"wpforms-field wpforms-field-radio\" data-field-id=\"15\"><label class=\"wpforms-field-label\">Regime Tribut\u00e1rio da Empresa<\/label><ul id=\"wpforms-7003-field_15\"><li class=\"choice-1 depth-1\"><input type=\"radio\" id=\"wpforms-7003-field_15_1\" name=\"wpforms[fields][15]\" value=\"Simples Nacional\"  ><label class=\"wpforms-field-label-inline\" for=\"wpforms-7003-field_15_1\">Simples Nacional<\/label><\/li><li class=\"choice-2 depth-1\"><input type=\"radio\" id=\"wpforms-7003-field_15_2\" name=\"wpforms[fields][15]\" value=\"Lucro Presumido\"  ><label class=\"wpforms-field-label-inline\" for=\"wpforms-7003-field_15_2\">Lucro Presumido<\/label><\/li><li class=\"choice-3 depth-1\"><input type=\"radio\" id=\"wpforms-7003-field_15_3\" name=\"wpforms[fields][15]\" value=\"Lucro Real\"  ><label class=\"wpforms-field-label-inline\" for=\"wpforms-7003-field_15_3\">Lucro Real<\/label><\/li><\/ul><\/div><div id=\"wpforms-7003-field_7-container\" class=\"wpforms-field wpforms-field-radio\" data-field-id=\"7\"><label class=\"wpforms-field-label\">Segmento<\/label><ul id=\"wpforms-7003-field_7\"><li class=\"choice-1 depth-1\"><input type=\"radio\" id=\"wpforms-7003-field_7_1\" name=\"wpforms[fields][7]\" value=\"Com\u00e9rcio\"  ><label class=\"wpforms-field-label-inline\" for=\"wpforms-7003-field_7_1\">Com\u00e9rcio<\/label><\/li><li class=\"choice-2 depth-1\"><input type=\"radio\" id=\"wpforms-7003-field_7_2\" name=\"wpforms[fields][7]\" value=\"Industria\"  ><label class=\"wpforms-field-label-inline\" for=\"wpforms-7003-field_7_2\">Industria<\/label><\/li><li class=\"choice-3 depth-1\"><input type=\"radio\" id=\"wpforms-7003-field_7_3\" name=\"wpforms[fields][7]\" value=\"Servi\u00e7os\"  ><label class=\"wpforms-field-label-inline\" for=\"wpforms-7003-field_7_3\">Servi\u00e7os<\/label><\/li><\/ul><\/div><div id=\"wpforms-7003-field_12-container\" class=\"wpforms-field wpforms-field-textarea\" data-field-id=\"12\"><label class=\"wpforms-field-label\" for=\"wpforms-7003-field_12\">Detalhe a atividade da empresa<\/label><textarea id=\"wpforms-7003-field_12\" class=\"wpforms-field-medium\" name=\"wpforms[fields][12]\" ><\/textarea><\/div><div id=\"wpforms-7003-field_8-container\" class=\"wpforms-field wpforms-field-radio\" data-field-id=\"8\"><label class=\"wpforms-field-label\">Quantidade de S\u00f3cios<\/label><ul id=\"wpforms-7003-field_8\"><li class=\"choice-1 depth-1\"><input type=\"radio\" id=\"wpforms-7003-field_8_1\" name=\"wpforms[fields][8]\" value=\"1 S\u00f3cio &quot;apenas eu&quot;\"  ><label class=\"wpforms-field-label-inline\" for=\"wpforms-7003-field_8_1\">1 S\u00f3cio \"apenas eu\"<\/label><\/li><li class=\"choice-2 depth-1\"><input type=\"radio\" id=\"wpforms-7003-field_8_2\" name=\"wpforms[fields][8]\" value=\"2 S\u00f3cios &quot;eu e mais um&quot;\"  ><label class=\"wpforms-field-label-inline\" for=\"wpforms-7003-field_8_2\">2 S\u00f3cios \"eu e mais um\"<\/label><\/li><li class=\"choice-3 depth-1\"><input type=\"radio\" id=\"wpforms-7003-field_8_3\" name=\"wpforms[fields][8]\" value=\"Acima de 2 S\u00f3cios\"  ><label class=\"wpforms-field-label-inline\" for=\"wpforms-7003-field_8_3\">Acima de 2 S\u00f3cios<\/label><\/li><\/ul><\/div><div id=\"wpforms-7003-field_9-container\" class=\"wpforms-field wpforms-field-radio\" data-field-id=\"9\"><label class=\"wpforms-field-label\">M\u00e9dia &gt; Faturamento Mensal<\/label><ul id=\"wpforms-7003-field_9\"><li class=\"choice-1 depth-1\"><input type=\"radio\" id=\"wpforms-7003-field_9_1\" name=\"wpforms[fields][9]\" value=\"At\u00e9 R$ 10.000,00\"  ><label class=\"wpforms-field-label-inline\" for=\"wpforms-7003-field_9_1\">At\u00e9 R$ 10.000,00<\/label><\/li><li class=\"choice-2 depth-1\"><input type=\"radio\" id=\"wpforms-7003-field_9_2\" name=\"wpforms[fields][9]\" value=\"Entre R$ 10.000,00 e R$ 30.000,00\"  ><label class=\"wpforms-field-label-inline\" for=\"wpforms-7003-field_9_2\">Entre R$ 10.000,00 e R$ 30.000,00<\/label><\/li><li class=\"choice-3 depth-1\"><input type=\"radio\" id=\"wpforms-7003-field_9_3\" name=\"wpforms[fields][9]\" value=\"Entre R$ 30.000,00 e R$ 50.000,000\"  ><label class=\"wpforms-field-label-inline\" for=\"wpforms-7003-field_9_3\">Entre R$ 30.000,00 e R$ 50.000,000<\/label><\/li><li class=\"choice-4 depth-1\"><input type=\"radio\" id=\"wpforms-7003-field_9_4\" name=\"wpforms[fields][9]\" value=\"Entre R$ 60.000,00 e 100.000,00\"  ><label class=\"wpforms-field-label-inline\" for=\"wpforms-7003-field_9_4\">Entre R$ 60.000,00 e 100.000,00<\/label><\/li><li class=\"choice-5 depth-1\"><input type=\"radio\" id=\"wpforms-7003-field_9_5\" name=\"wpforms[fields][9]\" value=\"Acima de R$ 100.000,00\"  ><label class=\"wpforms-field-label-inline\" for=\"wpforms-7003-field_9_5\">Acima de R$ 100.000,00<\/label><\/li><\/ul><\/div><div id=\"wpforms-7003-field_16-container\" class=\"wpforms-field wpforms-field-text\" data-field-id=\"16\"><label class=\"wpforms-field-label\" for=\"wpforms-7003-field_16\">Quantidade de Colaboradores<\/label><input type=\"text\" id=\"wpforms-7003-field_16\" class=\"wpforms-field-medium\" name=\"wpforms[fields][16]\" ><\/div><div id=\"wpforms-7003-field_18-container\" class=\"wpforms-field wpforms-field-text\" data-field-id=\"18\"><label class=\"wpforms-field-label\" for=\"wpforms-7003-field_18\">Mensalidade Contabilidade Atual<\/label><input type=\"text\" id=\"wpforms-7003-field_18\" class=\"wpforms-field-medium\" name=\"wpforms[fields][18]\" ><\/div><div id=\"wpforms-7003-field_19-container\" class=\"wpforms-field wpforms-field-text\" data-field-id=\"19\"><label class=\"wpforms-field-label\" for=\"wpforms-7003-field_19\">Numero de Contas Bancarias no CNPJ<\/label><input type=\"text\" id=\"wpforms-7003-field_19\" class=\"wpforms-field-medium\" name=\"wpforms[fields][19]\" ><\/div><div id=\"wpforms-7003-field_13-container\" class=\"wpforms-field wpforms-field-textarea\" data-field-id=\"13\"><label class=\"wpforms-field-label\" for=\"wpforms-7003-field_13\">OBS.:<\/label><textarea id=\"wpforms-7003-field_13\" class=\"wpforms-field-medium\" name=\"wpforms[fields][13]\" ><\/textarea><\/div><\/div><!-- .wpforms-field-container --><div class=\"wpforms-submit-container\" ><input type=\"hidden\" name=\"wpforms[id]\" value=\"7003\"><input type=\"hidden\" name=\"page_title\" value=\"\"><input type=\"hidden\" name=\"page_url\" value=\"https:\/\/milancontabilidade.com.br\/index.php\/wp-json\/wp\/v2\/pages\/7006\"><input type=\"hidden\" name=\"url_referer\" value=\"\"><button type=\"submit\" name=\"wpforms[submit]\" id=\"wpforms-submit-7003\" class=\"wpforms-submit\" data-alt-text=\"Enviando...\" data-submit-text=\"Enviar\" aria-live=\"assertive\" value=\"wpforms-submit\">Enviar<\/button><img decoding=\"async\" data-src=\"https:\/\/milancontabilidade.com.br\/wp-content\/plugins\/wpforms-lite\/assets\/images\/submit-spin.svg\" class=\"wpforms-submit-spinner lazyload\" style=\"--smush-placeholder-width: 26px; --smush-placeholder-aspect-ratio: 26\/26;display: none;\" width=\"26\" height=\"26\" alt=\"Loading\" src=\"data:image\/svg+xml;base64,PHN2ZyB3aWR0aD0iMSIgaGVpZ2h0PSIxIiB4bWxucz0iaHR0cDovL3d3dy53My5vcmcvMjAwMC9zdmciPjwvc3ZnPg==\"><\/div><\/form><\/div>  <!-- .wpforms-container -->            <\/div>\n\t\t\t\t<\/div>\n\t\t\t\t<\/div>\n\t\t\t\t\t<\/div>\n\t\t<\/div>\n\t\t\t\t\t<\/div>\n\t\t<\/section>\n\t\t\t\t<\/div>\n\t\t","protected":false},"excerpt":{"rendered":"<p>Trocar de ContabilidadePlease enable JavaScript in your browser to complete this form.Nome *Whatsapp *E-mailCNPJ *Regime Tribut\u00e1rio da Empresa Simples Nacional Lucro Presumido Lucro Real Segmento Com\u00e9rcio Industria Servi\u00e7os Detalhe a [&hellip;]<\/p>\n","protected":false},"author":1,"featured_media":0,"parent":0,"menu_order":0,"comment_status":"closed","ping_status":"closed","template":"","meta":{"om_disable_all_campaigns":false,"_monsterinsights_skip_tracking":false,"_monsterinsights_sitenote_active":false,"_monsterinsights_sitenote_note":"","_monsterinsights_sitenote_category":0,"_joinchat":[],"footnotes":""},"class_list":["post-7006","page","type-page","status-publish","hentry","rishi-post","no-post-thumbnail"],"rishi__cb_customizer_meta":"","aioseo_notices":[],"_links":{"self":[{"href":"https:\/\/milancontabilidade.com.br\/index.php\/wp-json\/wp\/v2\/pages\/7006","targetHints":{"allow":["GET"]}}],"collection":[{"href":"https:\/\/milancontabilidade.com.br\/index.php\/wp-json\/wp\/v2\/pages"}],"about":[{"href":"https:\/\/milancontabilidade.com.br\/index.php\/wp-json\/wp\/v2\/types\/page"}],"author":[{"embeddable":true,"href":"https:\/\/milancontabilidade.com.br\/index.php\/wp-json\/wp\/v2\/users\/1"}],"replies":[{"embeddable":true,"href":"https:\/\/milancontabilidade.com.br\/index.php\/wp-json\/wp\/v2\/comments?post=7006"}],"version-history":[{"count":13,"href":"https:\/\/milancontabilidade.com.br\/index.php\/wp-json\/wp\/v2\/pages\/7006\/revisions"}],"predecessor-version":[{"id":7932,"href":"https:\/\/milancontabilidade.com.br\/index.php\/wp-json\/wp\/v2\/pages\/7006\/revisions\/7932"}],"wp:attachment":[{"href":"https:\/\/milancontabilidade.com.br\/index.php\/wp-json\/wp\/v2\/media?parent=7006"}],"curies":[{"name":"wp","href":"https:\/\/api.w.org\/{rel}","templated":true}]}}