{"id":6994,"date":"2022-10-05T18:24:46","date_gmt":"2022-10-05T21:24:46","guid":{"rendered":"https:\/\/milancontabilidade.com.br\/?page_id=6994"},"modified":"2024-10-19T22:16:59","modified_gmt":"2024-10-20T01:16:59","slug":"preencha-os-campos-a-seguir","status":"publish","type":"page","link":"https:\/\/milancontabilidade.com.br\/index.php\/preencha-os-campos-a-seguir\/","title":{"rendered":"Abertura de Empresas"},"content":{"rendered":"\t\t<div data-elementor-type=\"wp-page\" data-elementor-id=\"6994\" class=\"elementor elementor-6994\">\n\t\t\t\t\t\t<section class=\"elementor-section elementor-top-section elementor-element elementor-element-28ef1ba elementor-section-boxed elementor-section-height-default elementor-section-height-default\" data-id=\"28ef1ba\" data-element_type=\"section\">\n\t\t\t\t\t\t<div class=\"elementor-container elementor-column-gap-default\">\n\t\t\t\t\t<div class=\"elementor-column elementor-col-100 elementor-top-column elementor-element elementor-element-1f2f8c4\" data-id=\"1f2f8c4\" data-element_type=\"column\">\n\t\t\t<div class=\"elementor-widget-wrap elementor-element-populated\">\n\t\t\t\t\t\t<div class=\"elementor-element elementor-element-6098666 eael-wpforms-labels-yes eael-wpforms-form-button-custom elementor-widget elementor-widget-eael-wpforms\" data-id=\"6098666\" data-element_type=\"widget\" data-widget_type=\"eael-wpforms.default\">\n\t\t\t\t<div class=\"elementor-widget-container\">\n\t\t\t\t\t            <div class=\"eael-contact-form eael-wpforms eael-wpforms-align-default\">\n                                <div class=\"wpforms-container wpforms-container-full\" id=\"wpforms-6988\"><form id=\"wpforms-form-6988\" class=\"wpforms-validate wpforms-form wpforms-ajax-form\" data-formid=\"6988\" method=\"post\" enctype=\"multipart\/form-data\" action=\"\/index.php\/wp-json\/wp\/v2\/pages\/6994\" data-token=\"2af983f58bb602a320165110fa53192e\" data-token-time=\"1775531061\"><div class=\"wpforms-head-container\"><div class=\"wpforms-title\">Abertura de Empresa<\/div><\/div><noscript class=\"wpforms-error-noscript\">Please enable JavaScript in your browser to complete this form.<\/noscript><div class=\"wpforms-field-container\"><div id=\"wpforms-6988-field_3-container\" class=\"wpforms-field wpforms-field-name\" data-field-id=\"3\"><label class=\"wpforms-field-label\" for=\"wpforms-6988-field_3\">Nome <span class=\"wpforms-required-label\">*<\/span><\/label><input type=\"text\" id=\"wpforms-6988-field_3\" class=\"wpforms-field-medium wpforms-field-required\" name=\"wpforms[fields][3]\" required><\/div><div id=\"wpforms-6988-field_4-container\" class=\"wpforms-field wpforms-field-text\" data-field-id=\"4\"><label class=\"wpforms-field-label\" for=\"wpforms-6988-field_4\">Whatsapp <span class=\"wpforms-required-label\">*<\/span><\/label><input type=\"text\" id=\"wpforms-6988-field_4\" class=\"wpforms-field-medium wpforms-field-required\" name=\"wpforms[fields][4]\" required><\/div><div id=\"wpforms-6988-field_5-container\" class=\"wpforms-field wpforms-field-email\" data-field-id=\"5\"><label class=\"wpforms-field-label\" for=\"wpforms-6988-field_5\">E-mail<\/label><input type=\"email\" id=\"wpforms-6988-field_5\" class=\"wpforms-field-medium\" name=\"wpforms[fields][5]\" spellcheck=\"false\" ><\/div><div id=\"wpforms-6988-field_6-container\" class=\"wpforms-field wpforms-field-text\" data-field-id=\"6\"><label class=\"wpforms-field-label\" for=\"wpforms-6988-field_6\">Munic\u00edpio onde ser\u00e1 Estabelecida a Empresa <span class=\"wpforms-required-label\">*<\/span><\/label><input type=\"text\" id=\"wpforms-6988-field_6\" class=\"wpforms-field-medium wpforms-field-required\" name=\"wpforms[fields][6]\" required><\/div><div id=\"wpforms-6988-field_7-container\" class=\"wpforms-field wpforms-field-radio\" data-field-id=\"7\"><label class=\"wpforms-field-label\">Segmento<\/label><ul id=\"wpforms-6988-field_7\"><li class=\"choice-1 depth-1\"><input type=\"radio\" id=\"wpforms-6988-field_7_1\" name=\"wpforms[fields][7]\" value=\"Com\u00e9rcio\"  ><label class=\"wpforms-field-label-inline\" for=\"wpforms-6988-field_7_1\">Com\u00e9rcio<\/label><\/li><li class=\"choice-2 depth-1\"><input type=\"radio\" id=\"wpforms-6988-field_7_2\" name=\"wpforms[fields][7]\" value=\"Industria\"  ><label class=\"wpforms-field-label-inline\" for=\"wpforms-6988-field_7_2\">Industria<\/label><\/li><li class=\"choice-3 depth-1\"><input type=\"radio\" id=\"wpforms-6988-field_7_3\" name=\"wpforms[fields][7]\" value=\"Servi\u00e7os\"  ><label class=\"wpforms-field-label-inline\" for=\"wpforms-6988-field_7_3\">Servi\u00e7os<\/label><\/li><\/ul><\/div><div id=\"wpforms-6988-field_12-container\" class=\"wpforms-field wpforms-field-textarea\" data-field-id=\"12\"><label class=\"wpforms-field-label\" for=\"wpforms-6988-field_12\">Detalhe a atividade da empresa<\/label><textarea id=\"wpforms-6988-field_12\" class=\"wpforms-field-medium\" name=\"wpforms[fields][12]\" ><\/textarea><\/div><div id=\"wpforms-6988-field_8-container\" class=\"wpforms-field wpforms-field-radio\" data-field-id=\"8\"><label class=\"wpforms-field-label\">Quantidade de S\u00f3cios<\/label><ul id=\"wpforms-6988-field_8\"><li class=\"choice-1 depth-1\"><input type=\"radio\" id=\"wpforms-6988-field_8_1\" name=\"wpforms[fields][8]\" value=\"1 S\u00f3cio &quot;apenas eu&quot;\"  ><label class=\"wpforms-field-label-inline\" for=\"wpforms-6988-field_8_1\">1 S\u00f3cio \"apenas eu\"<\/label><\/li><li class=\"choice-2 depth-1\"><input type=\"radio\" id=\"wpforms-6988-field_8_2\" name=\"wpforms[fields][8]\" value=\"2 S\u00f3cios &quot;eu e mais um&quot;\"  ><label class=\"wpforms-field-label-inline\" for=\"wpforms-6988-field_8_2\">2 S\u00f3cios \"eu e mais um\"<\/label><\/li><li class=\"choice-3 depth-1\"><input type=\"radio\" id=\"wpforms-6988-field_8_3\" name=\"wpforms[fields][8]\" value=\"Acima de 2 S\u00f3cios\"  ><label class=\"wpforms-field-label-inline\" for=\"wpforms-6988-field_8_3\">Acima de 2 S\u00f3cios<\/label><\/li><\/ul><\/div><div id=\"wpforms-6988-field_9-container\" class=\"wpforms-field wpforms-field-radio\" data-field-id=\"9\"><label class=\"wpforms-field-label\">Previs\u00e3o de Faturamento Mensal<\/label><ul id=\"wpforms-6988-field_9\"><li class=\"choice-1 depth-1\"><input type=\"radio\" id=\"wpforms-6988-field_9_1\" name=\"wpforms[fields][9]\" value=\"At\u00e9 R$ 10.000,00\"  ><label class=\"wpforms-field-label-inline\" for=\"wpforms-6988-field_9_1\">At\u00e9 R$ 10.000,00<\/label><\/li><li class=\"choice-2 depth-1\"><input type=\"radio\" id=\"wpforms-6988-field_9_2\" name=\"wpforms[fields][9]\" value=\"Entre R$ 10.000,00 e R$ 30.000,00\"  ><label class=\"wpforms-field-label-inline\" for=\"wpforms-6988-field_9_2\">Entre R$ 10.000,00 e R$ 30.000,00<\/label><\/li><li class=\"choice-3 depth-1\"><input type=\"radio\" id=\"wpforms-6988-field_9_3\" name=\"wpforms[fields][9]\" value=\"Entre R$ 30.000,00 e R$ 50.000,000\"  ><label class=\"wpforms-field-label-inline\" for=\"wpforms-6988-field_9_3\">Entre R$ 30.000,00 e R$ 50.000,000<\/label><\/li><li class=\"choice-4 depth-1\"><input type=\"radio\" id=\"wpforms-6988-field_9_4\" name=\"wpforms[fields][9]\" value=\"Entre R$ 60.000,00 e 100.000,00\"  ><label class=\"wpforms-field-label-inline\" for=\"wpforms-6988-field_9_4\">Entre R$ 60.000,00 e 100.000,00<\/label><\/li><li class=\"choice-5 depth-1\"><input type=\"radio\" id=\"wpforms-6988-field_9_5\" name=\"wpforms[fields][9]\" value=\"Acima de R$ 100.000,00\"  ><label class=\"wpforms-field-label-inline\" for=\"wpforms-6988-field_9_5\">Acima de R$ 100.000,00<\/label><\/li><\/ul><\/div><div id=\"wpforms-6988-field_10-container\" class=\"wpforms-field wpforms-field-radio\" data-field-id=\"10\"><label class=\"wpforms-field-label\">Quantos Colaboradores<\/label><ul id=\"wpforms-6988-field_10\"><li class=\"choice-1 depth-1\"><input type=\"radio\" id=\"wpforms-6988-field_10_1\" name=\"wpforms[fields][10]\" value=\"1 Colaborador\"  ><label class=\"wpforms-field-label-inline\" for=\"wpforms-6988-field_10_1\">1 Colaborador<\/label><\/li><li class=\"choice-2 depth-1\"><input type=\"radio\" id=\"wpforms-6988-field_10_2\" name=\"wpforms[fields][10]\" value=\"De 1 \u00e0 3\"  ><label class=\"wpforms-field-label-inline\" for=\"wpforms-6988-field_10_2\">De 1 \u00e0 3<\/label><\/li><li class=\"choice-3 depth-1\"><input type=\"radio\" id=\"wpforms-6988-field_10_3\" name=\"wpforms[fields][10]\" value=\"De 4 \u00e0 7\"  ><label class=\"wpforms-field-label-inline\" for=\"wpforms-6988-field_10_3\">De 4 \u00e0 7<\/label><\/li><li class=\"choice-4 depth-1\"><input type=\"radio\" id=\"wpforms-6988-field_10_4\" name=\"wpforms[fields][10]\" value=\"De 8 \u00e0 12\"  ><label class=\"wpforms-field-label-inline\" for=\"wpforms-6988-field_10_4\">De 8 \u00e0 12<\/label><\/li><li class=\"choice-5 depth-1\"><input type=\"radio\" id=\"wpforms-6988-field_10_5\" name=\"wpforms[fields][10]\" value=\"De 13 \u00e0 20\"  ><label class=\"wpforms-field-label-inline\" for=\"wpforms-6988-field_10_5\">De 13 \u00e0 20<\/label><\/li><li class=\"choice-6 depth-1\"><input type=\"radio\" id=\"wpforms-6988-field_10_6\" name=\"wpforms[fields][10]\" value=\"Acima de 20\"  ><label class=\"wpforms-field-label-inline\" for=\"wpforms-6988-field_10_6\">Acima de 20<\/label><\/li><\/ul><\/div><div id=\"wpforms-6988-field_13-container\" class=\"wpforms-field wpforms-field-textarea\" data-field-id=\"13\"><label class=\"wpforms-field-label\" for=\"wpforms-6988-field_13\">Obs.:<\/label><textarea id=\"wpforms-6988-field_13\" class=\"wpforms-field-medium\" name=\"wpforms[fields][13]\" ><\/textarea><\/div><\/div><!-- .wpforms-field-container --><div class=\"wpforms-submit-container\" ><input type=\"hidden\" name=\"wpforms[id]\" value=\"6988\"><input type=\"hidden\" name=\"page_title\" value=\"\"><input type=\"hidden\" name=\"page_url\" value=\"https:\/\/milancontabilidade.com.br\/index.php\/wp-json\/wp\/v2\/pages\/6994\"><input type=\"hidden\" name=\"url_referer\" value=\"\"><button type=\"submit\" name=\"wpforms[submit]\" id=\"wpforms-submit-6988\" class=\"wpforms-submit\" data-alt-text=\"Enviando...\" data-submit-text=\"Enviar\" aria-live=\"assertive\" value=\"wpforms-submit\">Enviar<\/button><img decoding=\"async\" data-src=\"https:\/\/milancontabilidade.com.br\/wp-content\/plugins\/wpforms-lite\/assets\/images\/submit-spin.svg\" class=\"wpforms-submit-spinner lazyload\" style=\"--smush-placeholder-width: 26px; --smush-placeholder-aspect-ratio: 26\/26;display: none;\" width=\"26\" height=\"26\" alt=\"Loading\" src=\"data:image\/svg+xml;base64,PHN2ZyB3aWR0aD0iMSIgaGVpZ2h0PSIxIiB4bWxucz0iaHR0cDovL3d3dy53My5vcmcvMjAwMC9zdmciPjwvc3ZnPg==\"><\/div><\/form><\/div>  <!-- .wpforms-container -->            <\/div>\n\t\t\t\t<\/div>\n\t\t\t\t<\/div>\n\t\t\t\t\t<\/div>\n\t\t<\/div>\n\t\t\t\t\t<\/div>\n\t\t<\/section>\n\t\t\t\t<\/div>\n\t\t","protected":false},"excerpt":{"rendered":"<p>Or\u00e7amento Abertura de EmpresaAtive o JavaScript no seu navegador para preencher este formul\u00e1rio.Nome *NomeWhatsappWhatsappE-mail *E-mailMunic\u00edpio onde ser\u00e1 Estabelecida a EmpresaMunic\u00edpio onde ser\u00e1 Estabelecida a EmpresaSegmento Com\u00e9rcio Industria Servi\u00e7os Detalhe a [&hellip;]<\/p>\n","protected":false},"author":1,"featured_media":0,"parent":0,"menu_order":0,"comment_status":"closed","ping_status":"closed","template":"","meta":{"om_disable_all_campaigns":false,"_monsterinsights_skip_tracking":false,"_monsterinsights_sitenote_active":false,"_monsterinsights_sitenote_note":"","_monsterinsights_sitenote_category":0,"_joinchat":[],"footnotes":""},"class_list":["post-6994","page","type-page","status-publish","hentry","rishi-post","no-post-thumbnail"],"rishi__cb_customizer_meta":"","aioseo_notices":[],"_links":{"self":[{"href":"https:\/\/milancontabilidade.com.br\/index.php\/wp-json\/wp\/v2\/pages\/6994","targetHints":{"allow":["GET"]}}],"collection":[{"href":"https:\/\/milancontabilidade.com.br\/index.php\/wp-json\/wp\/v2\/pages"}],"about":[{"href":"https:\/\/milancontabilidade.com.br\/index.php\/wp-json\/wp\/v2\/types\/page"}],"author":[{"embeddable":true,"href":"https:\/\/milancontabilidade.com.br\/index.php\/wp-json\/wp\/v2\/users\/1"}],"replies":[{"embeddable":true,"href":"https:\/\/milancontabilidade.com.br\/index.php\/wp-json\/wp\/v2\/comments?post=6994"}],"version-history":[{"count":7,"href":"https:\/\/milancontabilidade.com.br\/index.php\/wp-json\/wp\/v2\/pages\/6994\/revisions"}],"predecessor-version":[{"id":7895,"href":"https:\/\/milancontabilidade.com.br\/index.php\/wp-json\/wp\/v2\/pages\/6994\/revisions\/7895"}],"wp:attachment":[{"href":"https:\/\/milancontabilidade.com.br\/index.php\/wp-json\/wp\/v2\/media?parent=6994"}],"curies":[{"name":"wp","href":"https:\/\/api.w.org\/{rel}","templated":true}]}}