{"id":5252,"date":"2022-01-07T10:46:47","date_gmt":"2022-01-07T13:46:47","guid":{"rendered":"https:\/\/milancontabilidade.com.br\/index.php\/case-study-detail\/"},"modified":"2024-01-20T13:19:51","modified_gmt":"2024-01-20T16:19:51","slug":"assessoria-e-consultoria-contabil","status":"publish","type":"page","link":"https:\/\/milancontabilidade.com.br\/index.php\/assessoria-e-consultoria-contabil\/","title":{"rendered":"Assessoria e Consultoria Cont\u00e1bil"},"content":{"rendered":"\t\t<div data-elementor-type=\"wp-page\" data-elementor-id=\"5252\" class=\"elementor elementor-5252\">\n\t\t\t\t\t\t<section class=\"elementor-section elementor-top-section elementor-element elementor-element-a2bfa8f elementor-section-full_width elementor-section-height-default elementor-section-height-default\" data-id=\"a2bfa8f\" data-element_type=\"section\" data-settings=\"{&quot;background_background&quot;:&quot;gradient&quot;,&quot;shape_divider_bottom&quot;:&quot;tilt&quot;}\">\n\t\t\t\t\t<div class=\"elementor-shape elementor-shape-bottom\" aria-hidden=\"true\" data-negative=\"false\">\n\t\t\t<svg xmlns=\"http:\/\/www.w3.org\/2000\/svg\" viewBox=\"0 0 1000 100\" preserveAspectRatio=\"none\">\n\t<path class=\"elementor-shape-fill\" d=\"M0,6V0h1000v100L0,6z\"\/>\n<\/svg>\t\t<\/div>\n\t\t\t\t\t<div class=\"elementor-container elementor-column-gap-default\">\n\t\t\t\t\t<div class=\"elementor-column elementor-col-100 elementor-top-column elementor-element elementor-element-8ffa829\" data-id=\"8ffa829\" data-element_type=\"column\">\n\t\t\t<div class=\"elementor-widget-wrap elementor-element-populated\">\n\t\t\t\t\t\t<section class=\"elementor-section elementor-inner-section elementor-element elementor-element-16c6147 elementor-reverse-mobile elementor-section-boxed elementor-section-height-default elementor-section-height-default\" data-id=\"16c6147\" data-element_type=\"section\">\n\t\t\t\t\t\t<div class=\"elementor-container elementor-column-gap-default\">\n\t\t\t\t\t<div class=\"elementor-column elementor-col-100 elementor-inner-column elementor-element elementor-element-0b2aa32\" data-id=\"0b2aa32\" data-element_type=\"column\">\n\t\t\t<div class=\"elementor-widget-wrap elementor-element-populated\">\n\t\t\t\t\t\t<div class=\"elementor-element elementor-element-ef41d5e elementor-widget elementor-widget-heading\" data-id=\"ef41d5e\" data-element_type=\"widget\" data-widget_type=\"heading.default\">\n\t\t\t\t<div class=\"elementor-widget-container\">\n\t\t\t\t\t<h1 class=\"elementor-heading-title elementor-size-default\">Assessoria e Consultoria cont\u00e1bil<\/h1>\t\t\t\t<\/div>\n\t\t\t\t<\/div>\n\t\t\t\t<div class=\"elementor-element elementor-element-b1ec18a elementor-widget elementor-widget-text-editor\" data-id=\"b1ec18a\" data-element_type=\"widget\" data-widget_type=\"text-editor.default\">\n\t\t\t\t<div class=\"elementor-widget-container\">\n\t\t\t\t\t\t\t\t\t<p>O desafio de qualquer empresa \u00e9 controlar e otimizar a sua administra\u00e7\u00e3o financeira. Para cumprir esse objetivo, o servi\u00e7o de&nbsp;<strong>Assessoria e Consultoria Cont\u00e1bil<\/strong>&nbsp;\u00e9 fundamental. Quando essas duas pr\u00e1ticas s\u00e3o combinadas, o seu neg\u00f3cio ganha: efici\u00eancia financeira (redu\u00e7\u00e3o de gastos, impostos e processos internos) e desenvolvimento da gest\u00e3o interna da sua empresa.<\/p>\n<p>A equipe de consultores&nbsp;<strong>analisam toda a movimenta\u00e7\u00e3o cont\u00e1bil<\/strong>: contas a pagar, contas a receber, folha de pagamento, demonstrativos de fluxo de caixa, apura\u00e7\u00e3o de impostos, entre outros documentos imprescind\u00edveis para a rotina financeira da sua empresa. J\u00e1 o time de assessores cont\u00e1beis atuam no diagn\u00f3stico de problemas estruturais junto aos gestores, funcion\u00e1rios e clientes.<\/p><p><br><\/p><p>VANTAGENS DA ASSESSORIA E CONSULTORIA CONT\u00c1BIL PARA SUA EMPRESA\u00b4<\/p><p><br><\/p><p>PARA N\u00c3O DEIXAR D\u00daVIDAS SOBRE A RELEVANCIA DESTE SERVI\u00c7O PARA SUA EMPRESA, VEJA ABAIXO OS PRINCIPAIS BENEFICIOS DE CONTAR COM UMA ASSESSORIA CONT\u00c1BIL.<\/p>\n<ul>\n<li><strong>Tr\u00e2mites em reparti\u00e7\u00f5es:<\/strong>&nbsp;muitas vezes a sua empresa precisar\u00e1 atualizar documentos, seja a renova\u00e7\u00e3o de alvar\u00e1, processos de fus\u00e3o, incorpora\u00e7\u00e3o, cis\u00e3o ou qualquer altera\u00e7\u00e3o contratual, esses processos exigem o suporte de um profissional de contabilidade.<\/li>\n<li><strong>Escritura\u00e7\u00e3o Cont\u00e1bil:<\/strong>&nbsp;\u00e9 poss\u00edvel que voc\u00ea d\u00ea conta de realizar os registros de entradas e sa\u00eddas do seu neg\u00f3cio, mas voc\u00ea consegue organizar os documentos comprobat\u00f3rios dessas movimenta\u00e7\u00f5es? A escritura\u00e7\u00e3o cont\u00e1bil \u00e9 obrigat\u00f3ria para grandes partes das empresas.<\/li>\n<li><strong>Planejamento tribut\u00e1rio:<\/strong>&nbsp;com a assessoria e consultoria cont\u00e1bil, n\u00e3o \u00e9 necess\u00e1rio se preocupar em checar quais impostos devem ser recolhidos ao longo do ano. A sua \u00fanica preocupa\u00e7\u00e3o ser\u00e1 realizar o devido pagamento. Al\u00e9m disso, voc\u00ea tamb\u00e9m recebe todo um planejamento tribut\u00e1rio, para assim, organizar melhor a sa\u00fade financeira da sua empresa.<\/li>\n<li><strong>Recursos Humanos:<\/strong>&nbsp;toda empresa precisa de colaboradores. Mas j\u00e1 pensou no trabalho que seria cuidar de toda essa burocracia? Garanta que esses procedimentos ser\u00e3o feitos por um profissional experiente.<\/li>\n<li><strong>Consultoria em Gest\u00e3o Financeira:<\/strong>&nbsp;a sua empresa alcan\u00e7ou todo o seu potencial? \u00c0s vezes, um neg\u00f3cio parece ter atingido o seu \u00e1pice, mas talvez, ainda exista caminho para crescimento. A assessoria cont\u00e1bil \u00e9 a chave para enxergar novas possibilidades.<\/li>\n<li><strong>Contabilidade de custos:<\/strong>&nbsp;dentro da \u00e1rea de gest\u00e3o financeira, a contabilidade de custos serve para identificar os gastos da empresa e, a partir disso, propor formas de reduzi-los.<\/li>\n<li><strong>Sistemas para otimizar a sua empresa:<\/strong>&nbsp;h\u00e1 in\u00fameros softwares no mercado que podem otimizar a gest\u00e3o financeira do seu neg\u00f3cio. Com uma consultoria, voc\u00ea saber\u00e1 exatamente em qual investir.<\/li>\n<\/ul><div><span style=\"letter-spacing: 0.1px;\">PORQUE ESCOLHER A MILAN PARA FAZER SUA ASSESSORIA CONT\u00c1BIL?<\/span><br><span style=\"letter-spacing: 0.1px;\"><br><\/span><\/div>\n<p>Um servi\u00e7o de confian\u00e7a une diversos pilares: conhecimento e seguran\u00e7a da prestadora, a sua experi\u00eancia no mercado e um atendimento diferenciado para os seus clientes. Todas as solu\u00e7\u00f5es disponibilizadas pela Milan Contabilidade Digital respeitam esses preceitos. A contabilidade preza por \u201centender para atender\u201d e \u00e9 justamente por isso que ela \u00e9 a escolha ideal para a sua empresa. O time da Milan est\u00e1 preparado para realizar a&nbsp;<strong>assessoria e consultoria cont\u00e1bil<\/strong>&nbsp;para o seu neg\u00f3cio.<\/p>\n<p>Por isso, a Milan tem como base de trabalho uma&nbsp;<strong>contabilidade consultiva e participativa<\/strong>, n\u00e3o se limitando apenas a assessorar os seus clientes, mas sim orientando-os para alcan\u00e7arem um&nbsp;<strong>melhor resultado em suas opera\u00e7\u00f5es<\/strong>. Um exemplo \u00e9 o fato da Milan entregar todos os fechamentos dentro do in\u00edcio do m\u00eas subsequente, permitindo assim, que os clientes tomem a\u00e7\u00f5es corretivas e fa\u00e7am proje\u00e7\u00f5es dentro de dados atualizados de sua realidade.<\/p>\n<p>Al\u00e9m disso, a contabilidade tamb\u00e9m atua com escritura\u00e7\u00e3o cont\u00e1bil necess\u00e1ria em lei, habilitando empresas a enfrentar diversas situa\u00e7\u00f5es, como: concordatas; fal\u00eancia; recupera\u00e7\u00e3o judicial; per\u00edcias judiciais; fus\u00e3o; cis\u00e3o e\/ou incorpora\u00e7\u00f5es societ\u00e1rias. Confira a rela\u00e7\u00e3o dos trabalhos prestados:<\/p>\n<ul>\n<li>Lan\u00e7amentos cont\u00e1beis via integra\u00e7\u00e3o de sistemas pr\u00f3prios e do cliente mediante concilia\u00e7\u00e3o;<\/li>\n<li>Plano de contas espec\u00edfico \u00e0s demandas da empresa;<\/li>\n<li>Elabora\u00e7\u00e3o de balancetes\/balan\u00e7os mensais, trimestrais ou anuais, para empresas de diferentes segmentos;<\/li>\n<li>An\u00e1lise dos resultados e reporte ao cliente;<\/li>\n<li>Consultoria e assessoria cont\u00e1bil, planejamento tribut\u00e1rio nas mais diversas formas de tributa\u00e7\u00e3o, sejam elas:- lucro real\/real estimado, lucro presumido, simples nacional, MEI, imunes e isentas;<\/li>\n<li>Obriga\u00e7\u00f5es acess\u00f3rias diversas, como: DCTF, PERD-COMP, ECD e ECF;<\/li>\n<li>Acompanhamento mensal por meio de pesquisas em \u00f3rg\u00e3o oficiais, de eventuais pend\u00eancias fiscais ou tribut\u00e1rias;<br>Execu\u00e7\u00e3o dos servi\u00e7os na estrutura e software do cliente, caso haja necessidade.<\/li>\n<\/ul>\n<p><span style=\"color: var( --e-global-color-rishi5 ); background-color: transparent; font-family: var(--fontFamily); font-style: var(--fontStyle,inherit); letter-spacing: var(--letterSpacing); text-transform: var(--textTransform);\">Para mais informa\u00e7\u00f5es, entre em contato e fale com um dos especialistas.<\/span><br><\/p>\t\t\t\t\t\t\t\t<\/div>\n\t\t\t\t<\/div>\n\t\t\t\t\t<\/div>\n\t\t<\/div>\n\t\t\t\t\t<\/div>\n\t\t<\/section>\n\t\t\t\t\t<\/div>\n\t\t<\/div>\n\t\t\t\t\t<\/div>\n\t\t<\/section>\n\t\t\t\t<section class=\"elementor-section elementor-top-section elementor-element elementor-element-cd31347 elementor-section-full_width elementor-section-height-default elementor-section-height-default\" data-id=\"cd31347\" data-element_type=\"section\">\n\t\t\t\t\t\t<div class=\"elementor-container elementor-column-gap-default\">\n\t\t\t\t\t<div class=\"elementor-column elementor-col-100 elementor-top-column elementor-element elementor-element-68c7472\" data-id=\"68c7472\" data-element_type=\"column\">\n\t\t\t<div class=\"elementor-widget-wrap\">\n\t\t\t\t\t\t\t<\/div>\n\t\t<\/div>\n\t\t\t\t\t<\/div>\n\t\t<\/section>\n\t\t\t\t<\/div>\n\t\t","protected":false},"excerpt":{"rendered":"<p>Assessoria e Consultoria cont\u00e1bil O desafio de qualquer empresa \u00e9 controlar e otimizar a sua administra\u00e7\u00e3o financeira. Para cumprir esse objetivo, o servi\u00e7o de&nbsp;Assessoria e Consultoria Cont\u00e1bil&nbsp;\u00e9 fundamental. Quando essas [&hellip;]<\/p>\n","protected":false},"author":1,"featured_media":0,"parent":0,"menu_order":0,"comment_status":"closed","ping_status":"closed","template":"elementor_header_footer","meta":{"om_disable_all_campaigns":false,"_monsterinsights_skip_tracking":false,"_monsterinsights_sitenote_active":false,"_monsterinsights_sitenote_note":"","_monsterinsights_sitenote_category":0,"_joinchat":[],"footnotes":""},"class_list":["post-5252","page","type-page","status-publish","hentry","rishi-post","no-post-thumbnail"],"rishi__cb_customizer_meta":"","aioseo_notices":[],"_links":{"self":[{"href":"https:\/\/milancontabilidade.com.br\/index.php\/wp-json\/wp\/v2\/pages\/5252","targetHints":{"allow":["GET"]}}],"collection":[{"href":"https:\/\/milancontabilidade.com.br\/index.php\/wp-json\/wp\/v2\/pages"}],"about":[{"href":"https:\/\/milancontabilidade.com.br\/index.php\/wp-json\/wp\/v2\/types\/page"}],"author":[{"embeddable":true,"href":"https:\/\/milancontabilidade.com.br\/index.php\/wp-json\/wp\/v2\/users\/1"}],"replies":[{"embeddable":true,"href":"https:\/\/milancontabilidade.com.br\/index.php\/wp-json\/wp\/v2\/comments?post=5252"}],"version-history":[{"count":8,"href":"https:\/\/milancontabilidade.com.br\/index.php\/wp-json\/wp\/v2\/pages\/5252\/revisions"}],"predecessor-version":[{"id":7566,"href":"https:\/\/milancontabilidade.com.br\/index.php\/wp-json\/wp\/v2\/pages\/5252\/revisions\/7566"}],"wp:attachment":[{"href":"https:\/\/milancontabilidade.com.br\/index.php\/wp-json\/wp\/v2\/media?parent=5252"}],"curies":[{"name":"wp","href":"https:\/\/api.w.org\/{rel}","templated":true}]}}