{"id":28,"date":"2022-01-04T10:15:55","date_gmt":"2022-01-04T13:15:55","guid":{"rendered":"https:\/\/milancontabilidade.com.br\/index.php\/career\/"},"modified":"2024-01-20T13:20:58","modified_gmt":"2024-01-20T16:20:58","slug":"assessoria-e-consultoria-em-legalizacao","status":"publish","type":"page","link":"https:\/\/milancontabilidade.com.br\/index.php\/assessoria-e-consultoria-em-legalizacao\/","title":{"rendered":"Assessoria e Consultoria em Legaliza\u00e7\u00e3o"},"content":{"rendered":"\t\t<div data-elementor-type=\"wp-page\" data-elementor-id=\"28\" class=\"elementor elementor-28\">\n\t\t\t\t\t\t<section class=\"elementor-section elementor-top-section elementor-element elementor-element-de1d172 elementor-section-full_width elementor-section-height-default elementor-section-height-default\" data-id=\"de1d172\" data-element_type=\"section\" data-settings=\"{&quot;background_background&quot;:&quot;gradient&quot;,&quot;shape_divider_bottom&quot;:&quot;tilt&quot;}\">\n\t\t\t\t\t<div class=\"elementor-shape elementor-shape-bottom\" aria-hidden=\"true\" data-negative=\"false\">\n\t\t\t<svg xmlns=\"http:\/\/www.w3.org\/2000\/svg\" viewBox=\"0 0 1000 100\" preserveAspectRatio=\"none\">\n\t<path class=\"elementor-shape-fill\" d=\"M0,6V0h1000v100L0,6z\"\/>\n<\/svg>\t\t<\/div>\n\t\t\t\t\t<div class=\"elementor-container elementor-column-gap-default\">\n\t\t\t\t\t<div class=\"elementor-column elementor-col-100 elementor-top-column elementor-element elementor-element-24a3b0c\" data-id=\"24a3b0c\" data-element_type=\"column\">\n\t\t\t<div class=\"elementor-widget-wrap elementor-element-populated\">\n\t\t\t\t\t\t<section class=\"elementor-section elementor-inner-section elementor-element elementor-element-84cc9af elementor-reverse-mobile elementor-section-boxed elementor-section-height-default elementor-section-height-default\" data-id=\"84cc9af\" data-element_type=\"section\">\n\t\t\t\t\t\t<div class=\"elementor-container elementor-column-gap-default\">\n\t\t\t\t\t<div class=\"elementor-column elementor-col-100 elementor-inner-column elementor-element elementor-element-75a601a\" data-id=\"75a601a\" data-element_type=\"column\">\n\t\t\t<div class=\"elementor-widget-wrap elementor-element-populated\">\n\t\t\t\t\t\t<div class=\"elementor-element elementor-element-1f6aa7d elementor-widget elementor-widget-heading\" data-id=\"1f6aa7d\" data-element_type=\"widget\" data-widget_type=\"heading.default\">\n\t\t\t\t<div class=\"elementor-widget-container\">\n\t\t\t\t\t<h1 class=\"elementor-heading-title elementor-size-default\">Assessoria e consultoria em Legaliza\u00e7\u00e3o<\/h1>\t\t\t\t<\/div>\n\t\t\t\t<\/div>\n\t\t\t\t<div class=\"elementor-element elementor-element-8af77dc elementor-widget elementor-widget-text-editor\" data-id=\"8af77dc\" data-element_type=\"widget\" data-widget_type=\"text-editor.default\">\n\t\t\t\t<div class=\"elementor-widget-container\">\n\t\t\t\t\t\t\t\t\t<p>Abrir um neg\u00f3cio no Brasil n\u00e3o \u00e9 uma tarefa muito simples. Existem diversas leis que devem ser obedecidas para que uma empresa opere legalmente no pa\u00eds. Embora essa etapa seja um tanto quanto burocr\u00e1tica, ela traz vantagens para os empreendedores, uma vez que facilita a administra\u00e7\u00e3o, a fiscaliza\u00e7\u00e3o e aumenta a sua reputa\u00e7\u00e3o no mercado. Por isso, o servi\u00e7o de\u00a0<strong>legaliza\u00e7\u00e3o de empresas<\/strong>\u00a0\u00e9 a solu\u00e7\u00e3o ideal para quem deseja ter um neg\u00f3cio de sucesso.<\/p><p>\u00a0<\/p><p>Legaliza\u00e7\u00e3o de Empresas: Quais s\u00e3o as op\u00e7\u00f5es Disponiveis?<\/p><p>A legisla\u00e7\u00e3o brasileira disponibiliza diferentes perfis para empresas: em s\u00edntese, h\u00e1 op\u00e7\u00f5es para empres\u00e1rios individuais e para sociedades empresariais. Confira mais detalhes sobre cada op\u00e7\u00e3o abaixo.<\/p><p>\u00a0<\/p><p>TIPOS DE EMPRESAS PARA EMPRESARIOS INDIVIDUAIS<\/p><p>Neste caso, existem tr\u00eas alternativas para quem deseja abrir um neg\u00f3cio sozinho:<\/p><ul><li><strong>Microempreendedor Individual (MEI):<\/strong>\u00a0o MEI \u00e9 indicado principalmente para profissionais aut\u00f4nomos que buscam por formaliza\u00e7\u00e3o. Entre as suas principais regras, destacam-se: o faturamento anual \u00e9 de at\u00e9 RS 81 mil, sendo poss\u00edvel contratar at\u00e9 um funcion\u00e1rio com sal\u00e1rio com base no piso da categoria ou o sal\u00e1rio m\u00ednimo federal, considerando o que for maior. Al\u00e9m disso, o Regime Tribut\u00e1rio \u00e9 o Simples Nacional, que permite o recolhimento de impostos e demais tributos por meio de um \u00fanico documento: o DAS.<\/li><li><strong>Empres\u00e1rio Individual:<\/strong>\u00a0nessa modalidade, as responsabilidades do EI n\u00e3o s\u00e3o limitadas. Portanto, patrim\u00f4nios, d\u00edvidas e as finan\u00e7as da empresa e da pessoa f\u00edsica s\u00e3o as mesmas. Ou seja, aqui o empreendedor n\u00e3o tem personalidade jur\u00eddica, sendo equiparado \u00e0 PJ apenas quando necess\u00e1rio. Deste modo, ele possui CNPJ apenas para fins fiscais.<\/li><li><strong>Empresa Individual de Responsabilidade Limitada (EIRELI):<\/strong>\u00a0por fim, existe a op\u00e7\u00e3o EIRELI. Diferente da anterior, h\u00e1 limita\u00e7\u00e3o da responsabilidade dos s\u00f3cios. Em outras palavras, o capital pessoal \u00e9 separado do capital da empresa. Contudo, a priori \u00e9 necess\u00e1rio investir uma quantia equivalente a 100 sal\u00e1rios m\u00ednimos. O Regime Tribut\u00e1rio desta categoria pode ser Simples Nacional, Lucro Presumido ou at\u00e9 mesmo Lucro Real.<\/li><\/ul><div><span style=\"letter-spacing: 0.1px;\">TIPOS DE EMPRESAS PARA SOCIEDADES EMPRESARIAIS<\/span><br \/><span style=\"letter-spacing: 0.1px;\"><br \/><\/span><\/div><p>Por\u00e9m, se a sua inten\u00e7\u00e3o \u00e9 constituir uma sociedade empresarial, h\u00e1 duas modalidades:<\/p><ul><li><strong>Sociedade Simples (SS):\u00a0<\/strong>neste primeiro caso, a sociedade \u00e9 constitu\u00edda por dois ou mais s\u00f3cios que possuem as mesma profiss\u00f5es e em um mesmo local. Para a SS, \u00e9 preciso realizar o Registro Civil de Pessoas Jur\u00eddicas (RCPJ).<\/li><li><strong>Sociedade Empres\u00e1ria Limitada (Ltda):<\/strong>\u00a0a \u00faltima op\u00e7\u00e3o \u00e9 indicada principalmente para atividades econ\u00f4micas relacionadas \u00e0 produ\u00e7\u00e3o de bens ou servi\u00e7os. A principal vantagem desta categoria \u00e9 a limita\u00e7\u00e3o das responsabilidades de cada s\u00f3cia, uma vez que a participa\u00e7\u00e3o \u00e9 dividida em cotas e se encontram determinadas no Contrato Social.<\/li><\/ul><h2>\u00a0<\/h2>\t\t\t\t\t\t\t\t<\/div>\n\t\t\t\t<\/div>\n\t\t\t\t\t<\/div>\n\t\t<\/div>\n\t\t\t\t\t<\/div>\n\t\t<\/section>\n\t\t\t\t\t<\/div>\n\t\t<\/div>\n\t\t\t\t\t<\/div>\n\t\t<\/section>\n\t\t\t\t<section class=\"elementor-section elementor-top-section elementor-element elementor-element-fa5e539 elementor-section-full_width elementor-section-height-default elementor-section-height-default\" data-id=\"fa5e539\" data-element_type=\"section\">\n\t\t\t\t\t\t<div class=\"elementor-container elementor-column-gap-default\">\n\t\t\t\t\t<div class=\"elementor-column elementor-col-100 elementor-top-column elementor-element elementor-element-5bf437b\" data-id=\"5bf437b\" data-element_type=\"column\">\n\t\t\t<div class=\"elementor-widget-wrap\">\n\t\t\t\t\t\t\t<\/div>\n\t\t<\/div>\n\t\t\t\t\t<\/div>\n\t\t<\/section>\n\t\t\t\t<\/div>\n\t\t","protected":false},"excerpt":{"rendered":"<p>Assessoria e consultoria em Legaliza\u00e7\u00e3o Abrir um neg\u00f3cio no Brasil n\u00e3o \u00e9 uma tarefa muito simples. Existem diversas leis que devem ser obedecidas para que uma empresa opere legalmente no [&hellip;]<\/p>\n","protected":false},"author":1,"featured_media":0,"parent":0,"menu_order":0,"comment_status":"closed","ping_status":"closed","template":"elementor_header_footer","meta":{"om_disable_all_campaigns":false,"_monsterinsights_skip_tracking":false,"_monsterinsights_sitenote_active":false,"_monsterinsights_sitenote_note":"","_monsterinsights_sitenote_category":0,"_joinchat":[],"footnotes":""},"class_list":["post-28","page","type-page","status-publish","hentry","rishi-post","no-post-thumbnail"],"rishi__cb_customizer_meta":"","aioseo_notices":[],"_links":{"self":[{"href":"https:\/\/milancontabilidade.com.br\/index.php\/wp-json\/wp\/v2\/pages\/28","targetHints":{"allow":["GET"]}}],"collection":[{"href":"https:\/\/milancontabilidade.com.br\/index.php\/wp-json\/wp\/v2\/pages"}],"about":[{"href":"https:\/\/milancontabilidade.com.br\/index.php\/wp-json\/wp\/v2\/types\/page"}],"author":[{"embeddable":true,"href":"https:\/\/milancontabilidade.com.br\/index.php\/wp-json\/wp\/v2\/users\/1"}],"replies":[{"embeddable":true,"href":"https:\/\/milancontabilidade.com.br\/index.php\/wp-json\/wp\/v2\/comments?post=28"}],"version-history":[{"count":7,"href":"https:\/\/milancontabilidade.com.br\/index.php\/wp-json\/wp\/v2\/pages\/28\/revisions"}],"predecessor-version":[{"id":7569,"href":"https:\/\/milancontabilidade.com.br\/index.php\/wp-json\/wp\/v2\/pages\/28\/revisions\/7569"}],"wp:attachment":[{"href":"https:\/\/milancontabilidade.com.br\/index.php\/wp-json\/wp\/v2\/media?parent=28"}],"curies":[{"name":"wp","href":"https:\/\/api.w.org\/{rel}","templated":true}]}}