{"id":26,"date":"2022-01-04T10:11:33","date_gmt":"2022-01-04T13:11:33","guid":{"rendered":"https:\/\/milancontabilidade.com.br\/index.php\/case-studies\/"},"modified":"2024-01-20T13:16:29","modified_gmt":"2024-01-20T16:16:29","slug":"planejamento-tributario","status":"publish","type":"page","link":"https:\/\/milancontabilidade.com.br\/index.php\/planejamento-tributario\/","title":{"rendered":"Planejamento Tribut\u00e1rio"},"content":{"rendered":"\t\t<div data-elementor-type=\"wp-page\" data-elementor-id=\"26\" class=\"elementor elementor-26\">\n\t\t\t\t\t\t<section class=\"elementor-section elementor-top-section elementor-element elementor-element-00dd0cc elementor-section-full_width elementor-section-height-default elementor-section-height-default\" data-id=\"00dd0cc\" data-element_type=\"section\" data-settings=\"{&quot;background_background&quot;:&quot;gradient&quot;,&quot;shape_divider_bottom&quot;:&quot;tilt&quot;}\">\n\t\t\t\t\t<div class=\"elementor-shape elementor-shape-bottom\" aria-hidden=\"true\" data-negative=\"false\">\n\t\t\t<svg xmlns=\"http:\/\/www.w3.org\/2000\/svg\" viewBox=\"0 0 1000 100\" preserveAspectRatio=\"none\">\n\t<path class=\"elementor-shape-fill\" d=\"M0,6V0h1000v100L0,6z\"\/>\n<\/svg>\t\t<\/div>\n\t\t\t\t\t<div class=\"elementor-container elementor-column-gap-default\">\n\t\t\t\t\t<div class=\"elementor-column elementor-col-100 elementor-top-column elementor-element elementor-element-27e6c59\" data-id=\"27e6c59\" data-element_type=\"column\">\n\t\t\t<div class=\"elementor-widget-wrap elementor-element-populated\">\n\t\t\t\t\t\t<section class=\"elementor-section elementor-inner-section elementor-element elementor-element-e706518 elementor-reverse-mobile elementor-section-boxed elementor-section-height-default elementor-section-height-default\" data-id=\"e706518\" data-element_type=\"section\">\n\t\t\t\t\t\t<div class=\"elementor-container elementor-column-gap-default\">\n\t\t\t\t\t<div class=\"elementor-column elementor-col-100 elementor-inner-column elementor-element elementor-element-ce94221\" data-id=\"ce94221\" data-element_type=\"column\">\n\t\t\t<div class=\"elementor-widget-wrap elementor-element-populated\">\n\t\t\t\t\t\t<div class=\"elementor-element elementor-element-fc0627a elementor-widget elementor-widget-heading\" data-id=\"fc0627a\" data-element_type=\"widget\" data-widget_type=\"heading.default\">\n\t\t\t\t<div class=\"elementor-widget-container\">\n\t\t\t\t\t<h1 class=\"elementor-heading-title elementor-size-default\">Planejamento Tribut\u00e1rio<\/h1>\t\t\t\t<\/div>\n\t\t\t\t<\/div>\n\t\t\t\t<div class=\"elementor-element elementor-element-54b13ec elementor-widget elementor-widget-text-editor\" data-id=\"54b13ec\" data-element_type=\"widget\" data-widget_type=\"text-editor.default\">\n\t\t\t\t<div class=\"elementor-widget-container\">\n\t\t\t\t\t\t\t\t\t<p>O&nbsp;<strong>Planejamento Tribut\u00e1rio<\/strong>&nbsp;\u00e9 um servi\u00e7o que nem sempre recebe a merecida aten\u00e7\u00e3o das empresas. Contudo, \u00e9 importante destacar que essa estrat\u00e9gia pode ser uma excelente fonte de oportunidades para a sua empresa diminuir custos e melhorar os seus resultados.<\/p>\n<p>Em um pa\u00eds t\u00e3o sobrecarregado de impostos e tributos como o Brasil, ao realizar um planejamento tribut\u00e1rio eficiente, \u00e9 poss\u00edvel entender o recolhimento de todos os impostos e, em conjunto, identificar chances de redu\u00e7\u00e3o de gastos tribut\u00e1rios. Isso s\u00f3 \u00e9 exequ\u00edvel a partir de estudos e an\u00e1lises comparativas de tributa\u00e7\u00e3o cumulativa ou n\u00e3o cumulativa, custos versus despesas, opera\u00e7\u00f5es fiscais e varia\u00e7\u00e3o da carga tribut\u00e1ria m\u00e1xima ou m\u00ednima.<\/p><p><br><\/p><p>VANTAGENS DA ASSESSORIA E CONSULTORIA TRIBUTARIA<\/p>\n<p>Para n\u00e3o te deixar com d\u00favidas, confira algumas vantagens de contar com o servi\u00e7o de planejamento estrat\u00e9gico:<\/p>\n<p><strong>Evitar a incid\u00eancia do imposto:<\/strong>&nbsp;utilizar o planejamento tribut\u00e1rio impede a ocorr\u00eancia do fato gerador do tributo. Por exemplo: e se existir uma regra de isen\u00e7\u00e3o de impostos do seu munic\u00edpio? Outra situa\u00e7\u00e3o \u00e9 a possibilidade de abrir m\u00e3o do pr\u00f3-labore, para assim, n\u00e3o pagar imposto de renda e INSS sobre ele.<\/p>\n<p><strong>Diminuir os valores totais a serem recolhidos:<\/strong>&nbsp;analisando cuidadosamente as regras de cada imposto pago, \u00e9 poss\u00edvel estudar medidas para reduzir as taxas. Se voc\u00ea reduzir a contribui\u00e7\u00e3o para o Seguro de Acidentes de Trabalho (SAT) ao diminuir o Fator Acident\u00e1rio de Preven\u00e7\u00e3o (FAP), ou aproveitando pol\u00edticas de incentivo que possibilitem a redu\u00e7\u00e3o das al\u00edquotas.<\/p>\n<p><strong>Retardar o pagamento:<\/strong>&nbsp;existem tamb\u00e9m op\u00e7\u00f5es que retardam o pagamento dos tributos sem a incid\u00eancia de multas. Essa estrat\u00e9gia pode ser usada quando voc\u00ea est\u00e1 com pouco capital de giro e precisa de algum tempo para ter f\u00f4lego no caixa.<\/p>\t\t\t\t\t\t\t\t<\/div>\n\t\t\t\t<\/div>\n\t\t\t\t\t<\/div>\n\t\t<\/div>\n\t\t\t\t\t<\/div>\n\t\t<\/section>\n\t\t\t\t\t<\/div>\n\t\t<\/div>\n\t\t\t\t\t<\/div>\n\t\t<\/section>\n\t\t\t\t<\/div>\n\t\t","protected":false},"excerpt":{"rendered":"<p>Planejamento Tribut\u00e1rio O&nbsp;Planejamento Tribut\u00e1rio&nbsp;\u00e9 um servi\u00e7o que nem sempre recebe a merecida aten\u00e7\u00e3o das empresas. Contudo, \u00e9 importante destacar que essa estrat\u00e9gia pode ser uma excelente fonte de oportunidades para [&hellip;]<\/p>\n","protected":false},"author":1,"featured_media":0,"parent":0,"menu_order":0,"comment_status":"closed","ping_status":"closed","template":"elementor_header_footer","meta":{"om_disable_all_campaigns":false,"_monsterinsights_skip_tracking":false,"_monsterinsights_sitenote_active":false,"_monsterinsights_sitenote_note":"","_monsterinsights_sitenote_category":0,"_joinchat":[],"footnotes":""},"class_list":["post-26","page","type-page","status-publish","hentry","rishi-post","no-post-thumbnail"],"rishi__cb_customizer_meta":"","aioseo_notices":[],"_links":{"self":[{"href":"https:\/\/milancontabilidade.com.br\/index.php\/wp-json\/wp\/v2\/pages\/26","targetHints":{"allow":["GET"]}}],"collection":[{"href":"https:\/\/milancontabilidade.com.br\/index.php\/wp-json\/wp\/v2\/pages"}],"about":[{"href":"https:\/\/milancontabilidade.com.br\/index.php\/wp-json\/wp\/v2\/types\/page"}],"author":[{"embeddable":true,"href":"https:\/\/milancontabilidade.com.br\/index.php\/wp-json\/wp\/v2\/users\/1"}],"replies":[{"embeddable":true,"href":"https:\/\/milancontabilidade.com.br\/index.php\/wp-json\/wp\/v2\/comments?post=26"}],"version-history":[{"count":11,"href":"https:\/\/milancontabilidade.com.br\/index.php\/wp-json\/wp\/v2\/pages\/26\/revisions"}],"predecessor-version":[{"id":7560,"href":"https:\/\/milancontabilidade.com.br\/index.php\/wp-json\/wp\/v2\/pages\/26\/revisions\/7560"}],"wp:attachment":[{"href":"https:\/\/milancontabilidade.com.br\/index.php\/wp-json\/wp\/v2\/media?parent=26"}],"curies":[{"name":"wp","href":"https:\/\/api.w.org\/{rel}","templated":true}]}}