{"id":16,"date":"2022-01-04T10:07:25","date_gmt":"2022-01-04T13:07:25","guid":{"rendered":"https:\/\/milancontabilidade.com.br\/index.php\/home1\/"},"modified":"2024-01-20T13:22:11","modified_gmt":"2024-01-20T16:22:11","slug":"assessoria-e-consultoria-para-dep-pessoal","status":"publish","type":"page","link":"https:\/\/milancontabilidade.com.br\/index.php\/assessoria-e-consultoria-para-dep-pessoal\/","title":{"rendered":"Assessoria e Consultoria para Dep. Pessoal"},"content":{"rendered":"\t\t<div data-elementor-type=\"wp-page\" data-elementor-id=\"16\" class=\"elementor elementor-16\">\n\t\t\t\t\t\t<section class=\"elementor-section elementor-top-section elementor-element elementor-element-3992977 elementor-section-full_width elementor-section-height-default elementor-section-height-default\" data-id=\"3992977\" data-element_type=\"section\" data-settings=\"{&quot;background_background&quot;:&quot;gradient&quot;,&quot;shape_divider_bottom&quot;:&quot;tilt&quot;}\">\n\t\t\t\t\t<div class=\"elementor-shape elementor-shape-bottom\" aria-hidden=\"true\" data-negative=\"false\">\n\t\t\t<svg xmlns=\"http:\/\/www.w3.org\/2000\/svg\" viewBox=\"0 0 1000 100\" preserveAspectRatio=\"none\">\n\t<path class=\"elementor-shape-fill\" d=\"M0,6V0h1000v100L0,6z\"\/>\n<\/svg>\t\t<\/div>\n\t\t\t\t\t<div class=\"elementor-container elementor-column-gap-default\">\n\t\t\t\t\t<div class=\"elementor-column elementor-col-100 elementor-top-column elementor-element elementor-element-17cb3de\" data-id=\"17cb3de\" data-element_type=\"column\">\n\t\t\t<div class=\"elementor-widget-wrap elementor-element-populated\">\n\t\t\t\t\t\t<section class=\"elementor-section elementor-inner-section elementor-element elementor-element-1e0e25b elementor-section-full_width elementor-reverse-mobile elementor-section-height-default elementor-section-height-default\" data-id=\"1e0e25b\" data-element_type=\"section\">\n\t\t\t\t\t\t<div class=\"elementor-container elementor-column-gap-default\">\n\t\t\t\t\t<div class=\"elementor-column elementor-col-100 elementor-inner-column elementor-element elementor-element-294cc74\" data-id=\"294cc74\" data-element_type=\"column\">\n\t\t\t<div class=\"elementor-widget-wrap elementor-element-populated\">\n\t\t\t\t\t\t<div class=\"elementor-element elementor-element-972efd8 elementor-widget elementor-widget-heading\" data-id=\"972efd8\" data-element_type=\"widget\" data-widget_type=\"heading.default\">\n\t\t\t\t<div class=\"elementor-widget-container\">\n\t\t\t\t\t<h2 class=\"elementor-heading-title elementor-size-default\">Assessoria e Consultoria para Dep. Pessoal<\/h2>\t\t\t\t<\/div>\n\t\t\t\t<\/div>\n\t\t\t\t<div class=\"elementor-element elementor-element-66fc1fb elementor-widget elementor-widget-text-editor\" data-id=\"66fc1fb\" data-element_type=\"widget\" data-widget_type=\"text-editor.default\">\n\t\t\t\t<div class=\"elementor-widget-container\">\n\t\t\t\t\t\t\t\t\t<p>A\u00a0<strong>Consultoria para Departamento Pessoal<\/strong>\u00a0\u00e9 um servi\u00e7o que visa identificar as necessidades de uma empresa em diferentes \u00e2mbitos, mas que tem como principal meta a boa gest\u00e3o de seus colaboradores. Esse gerenciamento assertivo de colaboradores \u00e9 fundamental para o sucesso de qualquer neg\u00f3cio, uma vez que eles s\u00e3o um dos principais ativos de uma empresa.<\/p><p>Al\u00e9m de atuar em toda a parte burocr\u00e1tica, o consultor para Departamento Pessoal \u00e9 respons\u00e1vel por gerir o capital humano, especialmente no que tange a\u00a0<strong>otimiza\u00e7\u00e3o dos processos de pagamentos<\/strong>, tais como gest\u00e3o de holerites e benef\u00edcios.<\/p><p>\u00a0<\/p><p>VANTAGENS DA CONSULTORIA PARA O DEP. PESSOAL NA SUA EMPRESA<\/p><p>Para n\u00e3o deixar d\u00favidas sobre a relev\u00e2ncia deste servi\u00e7o para a sua empresa, veja abaixo os principais benef\u00edcios de contar com uma consultoria para Departamento Pessoal.<\/p><ul><li><strong>Recrutamento:<\/strong>\u00a0a consultoria de Departamento Pessoal n\u00e3o divulga vagas para a sua empresa, mas pode, perfeitamente, contribuir para que as contrata\u00e7\u00f5es sejam mais assertivas.<\/li><li><strong>Planejamento estrat\u00e9gico:<\/strong>\u00a0toda empresa precisa de um bom planejamento para prosperar. Essa consultoria aumenta a efic\u00e1cia do seu neg\u00f3cio justamente por executar um planejamento voltado para o desenvolvimento das fraquezas do seu neg\u00f3cio, especialmente dos colaboradores e dos processos internos.<\/li><li><strong>Otimiza\u00e7\u00e3o de tempo:<\/strong>\u00a0um dos bens mais valiosos de qualquer pessoa e neg\u00f3cio \u00e9 o tempo. Empresas de pequeno e m\u00e9dio porte, por exemplo, podem otimizar bastante esse bem t\u00e3o importante ao investir em uma consultoria para Departamento Pessoal.<\/li><li><strong>Decis\u00f5es:<\/strong>\u00a0acredita que est\u00e1 na hora de expandir a empresa? Criar um novo departamento ou aumentar a equipe? Com a consultoria para Departamento Pessoal essa decis\u00e3o ser\u00e1 mais assertiva.<\/li><li><strong>Automatiza\u00e7\u00e3o dos Processos:<\/strong>\u00a0muitas consultorias de RH adotam softwares de gest\u00e3o para automatizar os processos do departamento. Assim, reduzem-se os erros humanos e as resolu\u00e7\u00f5es s\u00e3o agilizadas.<\/li><\/ul><div><span style=\"letter-spacing: 0.1px;\">PORQUE ESCOLHER A MILAN PARA PRESTAR ASSESSORIA E CONSULTORIA\u00a0 NO SEU DEP. PESSOAL?<\/span><br \/><span style=\"letter-spacing: 0.1px;\"><br \/><\/span><\/div><p>Um servi\u00e7o de confian\u00e7a une diversos pilares: conhecimento e seguran\u00e7a da prestadora, a sua experi\u00eancia no mercado e um atendimento diferenciado para os seus clientes. Todas as solu\u00e7\u00f5es disponibilizadas pela Milan Contabilidade Digital respeitam esses preceitos. A contabilidade preza por \u201centender para atender\u201d e \u00e9 justamente por isso que ela \u00e9 a escolha ideal para a sua empresa. O time da Milan est\u00e1 preparado para realizar a\u00a0<strong>consultoria para o departamento pessoal<\/strong>\u00a0do seu neg\u00f3cio.<\/p><p>A relev\u00e2ncia dessa atividade \u00e9 clara: as empresas necessitam de pessoas e processo, portanto, \u00e9 primordial que haja uma rela\u00e7\u00e3o trabalhista e um relacionamento comercial saud\u00e1vel entre as partes. Por isso, a Milan disponibiliza uma equipe de profissionais altamente capacitados para cumprir com qualquer registro de rela\u00e7\u00e3o de trabalho existente em leis em nosso pa\u00eds, como:<\/p><ul><li>Obriga\u00e7\u00f5es acess\u00f3rias diversas, como RAIS, Dirf, e-Social, Reinf, DCTFWEB;<\/li><li>Registros de admiss\u00f5es, altera\u00e7\u00f5es e rescis\u00f5es de funcion\u00e1rios (CLT e estagi\u00e1rios) e aut\u00f4nomos;<\/li><li>Elabora\u00e7\u00e3o de f\u00e9rias;<\/li><li>Elabora\u00e7\u00e3o da folha de pagamentos de sal\u00e1rios de funcion\u00e1rio, estagi\u00e1rios, aut\u00f4nomos e s\u00f3cios (normal, adiantamento e 13\u00ba.sal\u00e1rio) + provis\u00f5es para contabilidade;<\/li><li>Apura\u00e7\u00e3o de todos os impostos pertinentes, como: FGTS, Darf INSS, sindical.<\/li><li>Acompanhamento mensal por meio de pesquisas em \u00f3rg\u00e3o oficiais, de eventuais pend\u00eancias;<\/li><li>Terceiriza\u00e7\u00e3o do RH, seja para sele\u00e7\u00e3o e recrutamento, benef\u00edcios, etc.<\/li><\/ul><p>Al\u00e9m de realizar todos os trabalhos pertinentes \u00e0 \u00e1rea de administra\u00e7\u00e3o de pessoal, a contabilidade presta assessoria legal com suporte ao planejamento, implanta\u00e7\u00e3o e adequa\u00e7\u00e3o de pol\u00edticas e a\u00e7\u00f5es operacionais na \u00e1rea de recursos humanos.<\/p><p><span style=\"color: var( --e-global-color-rishi5 ); background-color: transparent; font-family: var(--fontFamily); font-style: var(--fontStyle,inherit); letter-spacing: var(--letterSpacing); text-transform: var(--textTransform);\">Para mais informa\u00e7\u00f5es, entre em contato e fale com um dos especialistas.<\/span><\/p>\t\t\t\t\t\t\t\t<\/div>\n\t\t\t\t<\/div>\n\t\t\t\t\t<\/div>\n\t\t<\/div>\n\t\t\t\t\t<\/div>\n\t\t<\/section>\n\t\t\t\t\t<\/div>\n\t\t<\/div>\n\t\t\t\t\t<\/div>\n\t\t<\/section>\n\t\t\t\t<\/div>\n\t\t","protected":false},"excerpt":{"rendered":"<p>Assessoria e Consultoria para Dep. Pessoal A\u00a0Consultoria para Departamento Pessoal\u00a0\u00e9 um servi\u00e7o que visa identificar as necessidades de uma empresa em diferentes \u00e2mbitos, mas que tem como principal meta a [&hellip;]<\/p>\n","protected":false},"author":1,"featured_media":0,"parent":0,"menu_order":0,"comment_status":"closed","ping_status":"closed","template":"elementor_header_footer","meta":{"om_disable_all_campaigns":false,"_monsterinsights_skip_tracking":false,"_monsterinsights_sitenote_active":false,"_monsterinsights_sitenote_note":"","_monsterinsights_sitenote_category":0,"_joinchat":[],"footnotes":""},"class_list":["post-16","page","type-page","status-publish","hentry","rishi-post","no-post-thumbnail"],"rishi__cb_customizer_meta":"","aioseo_notices":[],"_links":{"self":[{"href":"https:\/\/milancontabilidade.com.br\/index.php\/wp-json\/wp\/v2\/pages\/16","targetHints":{"allow":["GET"]}}],"collection":[{"href":"https:\/\/milancontabilidade.com.br\/index.php\/wp-json\/wp\/v2\/pages"}],"about":[{"href":"https:\/\/milancontabilidade.com.br\/index.php\/wp-json\/wp\/v2\/types\/page"}],"author":[{"embeddable":true,"href":"https:\/\/milancontabilidade.com.br\/index.php\/wp-json\/wp\/v2\/users\/1"}],"replies":[{"embeddable":true,"href":"https:\/\/milancontabilidade.com.br\/index.php\/wp-json\/wp\/v2\/comments?post=16"}],"version-history":[{"count":10,"href":"https:\/\/milancontabilidade.com.br\/index.php\/wp-json\/wp\/v2\/pages\/16\/revisions"}],"predecessor-version":[{"id":7572,"href":"https:\/\/milancontabilidade.com.br\/index.php\/wp-json\/wp\/v2\/pages\/16\/revisions\/7572"}],"wp:attachment":[{"href":"https:\/\/milancontabilidade.com.br\/index.php\/wp-json\/wp\/v2\/media?parent=16"}],"curies":[{"name":"wp","href":"https:\/\/api.w.org\/{rel}","templated":true}]}}